{"id":1041,"date":"2015-12-13T17:20:53","date_gmt":"2015-12-13T17:20:53","guid":{"rendered":"http:\/\/www.acemabcn.org\/?page_id=1041"},"modified":"2015-12-13T18:10:06","modified_gmt":"2015-12-13T18:10:06","slug":"sortida-tramvia-blau","status":"publish","type":"page","link":"https:\/\/www.acemabcn.org\/ca\/associacio\/sortides\/sortida-tramvia-blau\/","title":{"rendered":"Sortida Tramvia Blau"},"content":{"rendered":"<p><a href=\"http:\/\/www.acemabcn.org\/wp-content\/uploads\/2015\/11\/DSC01485.jpg\"><img loading=\"lazy\" decoding=\"async\" class=\"alignright wp-image-1040 size-medium\" src=\"http:\/\/www.acemabcn.org\/wp-content\/uploads\/2015\/11\/DSC01485-300x225.jpg\" alt=\"\" width=\"300\" height=\"225\" srcset=\"https:\/\/www.acemabcn.org\/wp-content\/uploads\/2015\/11\/DSC01485-300x225.jpg 300w, https:\/\/www.acemabcn.org\/wp-content\/uploads\/2015\/11\/DSC01485.jpg 1024w\" sizes=\"auto, (max-width: 300px) 100vw, 300px\" \/><\/a><\/p>\n<p><a href=\"http:\/\/www.acemabcn.org\/wp-content\/uploads\/2015\/12\/DSC01460.jpg\" rel=\"attachment wp-att-1042\"><img loading=\"lazy\" decoding=\"async\" class=\"size-medium wp-image-1042 alignright\" src=\"http:\/\/www.acemabcn.org\/wp-content\/uploads\/2015\/12\/DSC01460-300x225.jpg\" alt=\"\" width=\"300\" height=\"225\" srcset=\"https:\/\/www.acemabcn.org\/wp-content\/uploads\/2015\/12\/DSC01460-300x225.jpg 300w, https:\/\/www.acemabcn.org\/wp-content\/uploads\/2015\/12\/DSC01460.jpg 1024w\" sizes=\"auto, (max-width: 300px) 100vw, 300px\" \/><\/a>El febrer de 2013, ACEMA va visitar les instal\u00b7lacions del Tramvia Blau, situades al costat de la ronda de Dalt. A les cotxeres hi ha tots els tramvies de la l\u00ednia, que connecta la pla\u00e7a Kennedy amb el funicular del Tibidabo.<\/p>\n<p>El personal del Tramvia Blau va explicar la hist\u00f2ria d&#8217;aquest particular servei, aix\u00ed com les diverses tecnologies aplicades als tramvies, que s&#8217;han anat modernitzant per complir amb les exig\u00e8ncies de la ind\u00fastria i per complir unes normatives m\u00ednimes de seguretat.<\/p>\n<p>Entre els tramvies hi havia la Jardinera, el m\u00e9s hist\u00f2ric de tots, aix\u00ed com els tres tramvies que circulen actualment a la l\u00ednia.<\/p>","protected":false},"excerpt":{"rendered":"<p><span class=\"more-wrapper\"><a class=\"more-link button\" href=\"https:\/\/www.acemabcn.org\/ca\/associacio\/sortides\/sortida-tramvia-blau\/\">Seguir leyendo<\/a><\/span><\/p>\n","protected":false},"author":1,"featured_media":0,"parent":328,"menu_order":0,"comment_status":"closed","ping_status":"closed","template":"","meta":{"inline_featured_image":false,"_exactmetrics_skip_tracking":false,"_exactmetrics_sitenote_active":false,"_exactmetrics_sitenote_note":"","_exactmetrics_sitenote_category":0,"footnotes":""},"class_list":["post-1041","page","type-page","status-publish","hentry"],"_links":{"self":[{"href":"https:\/\/www.acemabcn.org\/ca\/wp-json\/wp\/v2\/pages\/1041","targetHints":{"allow":["GET"]}}],"collection":[{"href":"https:\/\/www.acemabcn.org\/ca\/wp-json\/wp\/v2\/pages"}],"about":[{"href":"https:\/\/www.acemabcn.org\/ca\/wp-json\/wp\/v2\/types\/page"}],"author":[{"embeddable":true,"href":"https:\/\/www.acemabcn.org\/ca\/wp-json\/wp\/v2\/users\/1"}],"replies":[{"embeddable":true,"href":"https:\/\/www.acemabcn.org\/ca\/wp-json\/wp\/v2\/comments?post=1041"}],"version-history":[{"count":7,"href":"https:\/\/www.acemabcn.org\/ca\/wp-json\/wp\/v2\/pages\/1041\/revisions"}],"predecessor-version":[{"id":1070,"href":"https:\/\/www.acemabcn.org\/ca\/wp-json\/wp\/v2\/pages\/1041\/revisions\/1070"}],"up":[{"embeddable":true,"href":"https:\/\/www.acemabcn.org\/ca\/wp-json\/wp\/v2\/pages\/328"}],"wp:attachment":[{"href":"https:\/\/www.acemabcn.org\/ca\/wp-json\/wp\/v2\/media?parent=1041"}],"curies":[{"name":"wp","href":"https:\/\/api.w.org\/{rel}","templated":true}]}}