{"id":105,"date":"2015-08-23T16:52:40","date_gmt":"2015-08-23T16:52:40","guid":{"rendered":"http:\/\/www.acemabcn.org\/?page_id=105"},"modified":"2025-05-31T08:15:18","modified_gmt":"2025-05-31T08:15:18","slug":"publicacions","status":"publish","type":"page","link":"https:\/\/www.acemabcn.org\/ca\/publicacions\/","title":{"rendered":"Publicacions"},"content":{"rendered":"<p>Aquest \u00e9s l&#8217;arxiu amb totes les publicacions electr\u00f2niques d&#8217;ACEMA. Anomenem <strong>publicacions electr\u00f2niques<\/strong> a tots aquells documents que han estat elaborats pels socis de l&#8217;entitat, a partir del fons hist\u00f2ric i fotogr\u00e0fic del que disposem.<\/p>\n<p>\n<!-- Generated using Document Gallery. Get yours here: http:\/\/wordpress.org\/extend\/plugins\/document-gallery -->\n<div id=\"document-gallery-1\" class=\"document-gallery\" data-shortcode='{\"id\":105,\"include\":\"2487,2488,3364,2490,2491,3160,3505,3743\",\"exclude\":\"\",\"columns\":4,\"fancy\":true,\"order\":\"DESC\",\"orderby\":\"post__in\",\"relation\":\"AND\",\"limit\":-1,\"mime_types\":\"application,video,text,audio,image\",\"new_window\":true,\"paginate\":true,\"post_status\":\"any\",\"post_type\":\"attachment\",\"descriptions\":false,\"attachment_pg\":false,\"skip\":0}' style='--dg-icon-width: 24%'>\n<div class='document-icon-row'>\n   <div class=\"document-icon\">\n      <a href=\"https:\/\/www.acemabcn.org\/wp-content\/uploads\/2015\/08\/Acema_001.pdf\" target=\"_blank\">\n         <img decoding=\"async\" src=\"https:\/\/www.acemabcn.org\/wp-content\/uploads\/2015\/08\/Acema_001-thumb.png\" title=\"Publicaci\u00f3 1\" alt=\"Publicaci\u00f3 1\" data-ext=\"pdf\"\/>\n         <span class=\"title\">Publicaci\u00f3 1<\/span>\n      <\/a>\n   <\/div>\n   <div class=\"document-icon\">\n      <a href=\"https:\/\/www.acemabcn.org\/wp-content\/uploads\/2015\/08\/Acema_002.pdf\" target=\"_blank\">\n         <img decoding=\"async\" src=\"https:\/\/www.acemabcn.org\/wp-content\/uploads\/2015\/08\/Acema_002-thumb.png\" title=\"Publicaci\u00f3 2\" alt=\"Publicaci\u00f3 2\" data-ext=\"pdf\"\/>\n         <span class=\"title\">Publicaci\u00f3 2<\/span>\n      <\/a>\n   <\/div>\n   <div class=\"document-icon\">\n      <a href=\"https:\/\/www.acemabcn.org\/wp-content\/uploads\/2019\/07\/juny-2019.pdf\" target=\"_blank\">\n         <img decoding=\"async\" src=\"https:\/\/www.acemabcn.org\/wp-content\/uploads\/2019\/07\/juny-2019-thumb.png\" title=\"Publicaci\u00f3 3.4\" alt=\"Publicaci\u00f3 3.4\" data-ext=\"pdf\"\/>\n         <span class=\"title\">Publicaci\u00f3 3.4<\/span>\n      <\/a>\n   <\/div>\n   <div class=\"document-icon\">\n      <a href=\"https:\/\/www.acemabcn.org\/wp-content\/uploads\/2015\/08\/Acema_004.pdf\" target=\"_blank\">\n         <img decoding=\"async\" src=\"https:\/\/www.acemabcn.org\/wp-content\/uploads\/2015\/08\/Acema_004-thumb.png\" title=\"Publicaci\u00f3 4\" alt=\"Publicaci\u00f3 4\" data-ext=\"pdf\"\/>\n         <span class=\"title\">Publicaci\u00f3 4<\/span>\n      <\/a>\n   <\/div>\n\n<\/div>\n<div class='document-icon-row'>\n   <div class=\"document-icon\">\n      <a href=\"https:\/\/www.acemabcn.org\/wp-content\/uploads\/2015\/08\/Acema_005.pdf\" target=\"_blank\">\n         <img decoding=\"async\" src=\"https:\/\/www.acemabcn.org\/wp-content\/uploads\/2015\/08\/Acema_005-thumb.png\" title=\"Publicaci\u00f3 5\" alt=\"Publicaci\u00f3 5\" data-ext=\"pdf\"\/>\n         <span class=\"title\">Publicaci\u00f3 5<\/span>\n      <\/a>\n   <\/div>\n   <div class=\"document-icon\">\n      <a href=\"https:\/\/www.acemabcn.org\/wp-content\/uploads\/2018\/05\/30-aniversario-BBT_DEF.pdf\" target=\"_blank\">\n         <img decoding=\"async\" src=\"https:\/\/www.acemabcn.org\/wp-content\/uploads\/2018\/05\/30-aniversario-BBT_DEF-thumb.png\" title=\"Publicaci\u00f3 6\" alt=\"Publicaci\u00f3 6\" data-ext=\"pdf\"\/>\n         <span class=\"title\">Publicaci\u00f3 6<\/span>\n      <\/a>\n   <\/div>\n   <div class=\"document-icon\">\n      <a href=\"https:\/\/www.acemabcn.org\/wp-content\/uploads\/2021\/02\/ACEMA-20-aniversari.pdf\" target=\"_blank\">\n         <img decoding=\"async\" src=\"https:\/\/www.acemabcn.org\/wp-content\/uploads\/2021\/02\/ACEMA-20-aniversari-thumb.png\" title=\"Publicaci\u00f3 7\" alt=\"Publicaci\u00f3 7\" data-ext=\"pdf\"\/>\n         <span class=\"title\">Publicaci\u00f3 7<\/span>\n      <\/a>\n   <\/div>\n   <div class=\"document-icon\">\n      <a href=\"https:\/\/www.acemabcn.org\/wp-content\/uploads\/2025\/05\/10-grafics-metrobcn-v2.pdf\" target=\"_blank\">\n         <img decoding=\"async\" src=\"https:\/\/www.acemabcn.org\/wp-content\/uploads\/2025\/05\/10-grafics-metrobcn-v2-thumb.png\" title=\"Publicaci\u00f3 8\" alt=\"Publicaci\u00f3 8\" data-ext=\"pdf\"\/>\n         <span class=\"title\">Publicaci\u00f3 8<\/span>\n      <\/a>\n   <\/div>\n\n<\/div>\n<\/div><\/p>","protected":false},"excerpt":{"rendered":"<p><span class=\"more-wrapper\"><a class=\"more-link button\" href=\"https:\/\/www.acemabcn.org\/ca\/publicacions\/\">Seguir leyendo<\/a><\/span><\/p>\n","protected":false},"author":1,"featured_media":0,"parent":0,"menu_order":0,"comment_status":"closed","ping_status":"closed","template":"","meta":{"inline_featured_image":false,"_exactmetrics_skip_tracking":false,"_exactmetrics_sitenote_active":false,"_exactmetrics_sitenote_note":"","_exactmetrics_sitenote_category":0,"footnotes":""},"class_list":["post-105","page","type-page","status-publish","hentry"],"_links":{"self":[{"href":"https:\/\/www.acemabcn.org\/ca\/wp-json\/wp\/v2\/pages\/105","targetHints":{"allow":["GET"]}}],"collection":[{"href":"https:\/\/www.acemabcn.org\/ca\/wp-json\/wp\/v2\/pages"}],"about":[{"href":"https:\/\/www.acemabcn.org\/ca\/wp-json\/wp\/v2\/types\/page"}],"author":[{"embeddable":true,"href":"https:\/\/www.acemabcn.org\/ca\/wp-json\/wp\/v2\/users\/1"}],"replies":[{"embeddable":true,"href":"https:\/\/www.acemabcn.org\/ca\/wp-json\/wp\/v2\/comments?post=105"}],"version-history":[{"count":42,"href":"https:\/\/www.acemabcn.org\/ca\/wp-json\/wp\/v2\/pages\/105\/revisions"}],"predecessor-version":[{"id":3744,"href":"https:\/\/www.acemabcn.org\/ca\/wp-json\/wp\/v2\/pages\/105\/revisions\/3744"}],"wp:attachment":[{"href":"https:\/\/www.acemabcn.org\/ca\/wp-json\/wp\/v2\/media?parent=105"}],"curies":[{"name":"wp","href":"https:\/\/api.w.org\/{rel}","templated":true}]}}