{"id":311,"date":"2015-11-08T16:58:30","date_gmt":"2015-11-08T16:58:30","guid":{"rendered":"http:\/\/www.acemabcn.org\/?page_id=311"},"modified":"2019-01-27T22:57:53","modified_gmt":"2019-01-27T22:57:53","slug":"linies","status":"publish","type":"page","link":"https:\/\/www.acemabcn.org\/ca\/fons-documental\/linies\/","title":{"rendered":"L\u00ednies"},"content":{"rendered":"<p>Informes realitzats pel soci David Llorca, amb la hist\u00f2ria de les l\u00ednies de bus de la ciutat de Barcelona. Aquests informes s&#8217;ordenen segons la tipologia del servei (<i>nova xarxa<\/i>, <i>bus del barri<\/i> i <i>xarxa convencional<\/i>).<\/p>\n<p><\/p>\n<h1 class=\"widget-title\">Nova xarxa<\/h1>\n\n<!-- Generated using Document Gallery. Get yours here: http:\/\/wordpress.org\/extend\/plugins\/document-gallery -->\n<div id=\"document-gallery-1\" class=\"document-gallery\" data-shortcode='{\"id\":311,\"include\":\"2343\",\"exclude\":\"\",\"columns\":4,\"fancy\":true,\"order\":\"DESC\",\"orderby\":\"post__in\",\"relation\":\"AND\",\"limit\":-1,\"mime_types\":\"application,video,text,audio,image\",\"new_window\":true,\"paginate\":true,\"post_status\":\"any\",\"post_type\":\"attachment\",\"descriptions\":false,\"attachment_pg\":false,\"skip\":0}' style='--dg-icon-width: 24%'>\n<div class='document-icon-row'>\n   <div class=\"document-icon\">\n      <a href=\"https:\/\/www.acemabcn.org\/wp-content\/uploads\/2015\/11\/linia_h14.pdf\" target=\"_blank\">\n         <img decoding=\"async\" src=\"https:\/\/www.acemabcn.org\/wp-content\/uploads\/2015\/11\/linia_h14-thumb.png\" title=\"L\u00ednia H14\" alt=\"L\u00ednia H14\" data-ext=\"pdf\"\/>\n         <span class=\"title\">L\u00ednia H14<\/span>\n      <\/a>\n   <\/div>\n\n<\/div>\n<\/div>\n<h1 class=\"widget-title\">Bus del Barri<\/h1>\n\n<!-- Generated using Document Gallery. Get yours here: http:\/\/wordpress.org\/extend\/plugins\/document-gallery -->\n<div id=\"document-gallery-2\" class=\"document-gallery\" data-shortcode='{\"id\":311,\"include\":\"2341,2736\",\"exclude\":\"\",\"columns\":4,\"fancy\":true,\"order\":\"DESC\",\"orderby\":\"post__in\",\"relation\":\"AND\",\"limit\":-1,\"mime_types\":\"application,video,text,audio,image\",\"new_window\":true,\"paginate\":true,\"post_status\":\"any\",\"post_type\":\"attachment\",\"descriptions\":false,\"attachment_pg\":false,\"skip\":0}' style='--dg-icon-width: 24%'>\n<div class='document-icon-row'>\n   <div class=\"document-icon\">\n      <a href=\"https:\/\/www.acemabcn.org\/wp-content\/uploads\/2015\/11\/linia_113.pdf\" target=\"_blank\">\n         <img decoding=\"async\" src=\"https:\/\/www.acemabcn.org\/wp-content\/uploads\/2015\/11\/linia_113-thumb.png\" title=\"L\u00ednia 113\" alt=\"L\u00ednia 113\" data-ext=\"pdf\"\/>\n         <span class=\"title\">L\u00ednia 113<\/span>\n      <\/a>\n   <\/div>\n   <div class=\"document-icon\">\n      <a href=\"https:\/\/www.acemabcn.org\/wp-content\/uploads\/2015\/11\/126-Sant-Andreu.pdf\" target=\"_blank\">\n         <img decoding=\"async\" src=\"https:\/\/www.acemabcn.org\/wp-content\/uploads\/2015\/11\/126-Sant-Andreu-thumb.png\" title=\"L\u00ednia 126\" alt=\"L\u00ednia 126\" data-ext=\"pdf\"\/>\n         <span class=\"title\">L\u00ednia 126<\/span>\n      <\/a>\n   <\/div>\n\n<\/div>\n<\/div>\n<h1 class=\"widget-title\">Xarxa convencional<\/h1>\n\n<!-- Generated using Document Gallery. Get yours here: http:\/\/wordpress.org\/extend\/plugins\/document-gallery -->\n<div id=\"document-gallery-3\" class=\"document-gallery\" data-shortcode='{\"id\":311,\"include\":\"2340\",\"exclude\":\"\",\"columns\":4,\"fancy\":true,\"order\":\"DESC\",\"orderby\":\"post__in\",\"relation\":\"AND\",\"limit\":-1,\"mime_types\":\"application,video,text,audio,image\",\"new_window\":true,\"paginate\":true,\"post_status\":\"any\",\"post_type\":\"attachment\",\"descriptions\":false,\"attachment_pg\":false,\"skip\":0}' style='--dg-icon-width: 24%'>\n<div class='document-icon-row'>\n   <div class=\"document-icon\">\n      <a href=\"https:\/\/www.acemabcn.org\/wp-content\/uploads\/2015\/11\/linia_46.pdf\" target=\"_blank\">\n         <img decoding=\"async\" src=\"https:\/\/www.acemabcn.org\/wp-content\/uploads\/2015\/11\/linia_46-thumb.png\" title=\"L\u00ednia 46\" alt=\"L\u00ednia 46\" data-ext=\"pdf\"\/>\n         <span class=\"title\">L\u00ednia 46<\/span>\n      <\/a>\n   <\/div>\n\n<\/div>\n<\/div>\n<h1 class=\"widget-title\">Bus a demanda<\/h1>\n<p>\n<!-- Generated using Document Gallery. Get yours here: http:\/\/wordpress.org\/extend\/plugins\/document-gallery -->\n<div id=\"document-gallery-4\" class=\"document-gallery\" data-shortcode='{\"id\":311,\"include\":\"3315\",\"exclude\":\"\",\"columns\":4,\"fancy\":true,\"order\":\"DESC\",\"orderby\":\"post__in\",\"relation\":\"AND\",\"limit\":-1,\"mime_types\":\"application,video,text,audio,image\",\"new_window\":true,\"paginate\":true,\"post_status\":\"any\",\"post_type\":\"attachment\",\"descriptions\":false,\"attachment_pg\":false,\"skip\":0}' style='--dg-icon-width: 24%'>\n<div class='document-icon-row'>\n   <div class=\"document-icon\">\n      <a href=\"https:\/\/www.acemabcn.org\/wp-content\/uploads\/2019\/01\/199-elMeuBus.pdf\" target=\"_blank\">\n         <img decoding=\"async\" src=\"https:\/\/www.acemabcn.org\/wp-content\/uploads\/2019\/01\/199-elMeuBus-thumb.png\" title=\"199 elMeuBus\" alt=\"199 elMeuBus\" data-ext=\"pdf\"\/>\n         <span class=\"title\">199 elMeuBus<\/span>\n      <\/a>\n   <\/div>\n\n<\/div>\n<\/div><\/p>","protected":false},"excerpt":{"rendered":"<p><span class=\"more-wrapper\"><a class=\"more-link button\" href=\"https:\/\/www.acemabcn.org\/ca\/fons-documental\/linies\/\">Seguir leyendo<\/a><\/span><\/p>\n","protected":false},"author":1,"featured_media":0,"parent":231,"menu_order":0,"comment_status":"closed","ping_status":"closed","template":"","meta":{"inline_featured_image":false,"_exactmetrics_skip_tracking":false,"_exactmetrics_sitenote_active":false,"_exactmetrics_sitenote_note":"","_exactmetrics_sitenote_category":0,"footnotes":""},"class_list":["post-311","page","type-page","status-publish","hentry"],"_links":{"self":[{"href":"https:\/\/www.acemabcn.org\/ca\/wp-json\/wp\/v2\/pages\/311","targetHints":{"allow":["GET"]}}],"collection":[{"href":"https:\/\/www.acemabcn.org\/ca\/wp-json\/wp\/v2\/pages"}],"about":[{"href":"https:\/\/www.acemabcn.org\/ca\/wp-json\/wp\/v2\/types\/page"}],"author":[{"embeddable":true,"href":"https:\/\/www.acemabcn.org\/ca\/wp-json\/wp\/v2\/users\/1"}],"replies":[{"embeddable":true,"href":"https:\/\/www.acemabcn.org\/ca\/wp-json\/wp\/v2\/comments?post=311"}],"version-history":[{"count":58,"href":"https:\/\/www.acemabcn.org\/ca\/wp-json\/wp\/v2\/pages\/311\/revisions"}],"predecessor-version":[{"id":3316,"href":"https:\/\/www.acemabcn.org\/ca\/wp-json\/wp\/v2\/pages\/311\/revisions\/3316"}],"up":[{"embeddable":true,"href":"https:\/\/www.acemabcn.org\/ca\/wp-json\/wp\/v2\/pages\/231"}],"wp:attachment":[{"href":"https:\/\/www.acemabcn.org\/ca\/wp-json\/wp\/v2\/media?parent=311"}],"curies":[{"name":"wp","href":"https:\/\/api.w.org\/{rel}","templated":true}]}}