{"id":324,"date":"2015-11-08T17:13:45","date_gmt":"2015-11-08T17:13:45","guid":{"rendered":"http:\/\/www.acemabcn.org\/?page_id=324"},"modified":"2017-11-22T18:16:17","modified_gmt":"2017-11-22T18:16:17","slug":"exposicions","status":"publish","type":"page","link":"https:\/\/www.acemabcn.org\/ca\/associacio\/exposicions\/","title":{"rendered":"Exposicions"},"content":{"rendered":"<p>Un dels objectius de l&#8217;associaci\u00f3 ACEMA \u00e9s compartir i mostrar a la ciutadania tot all\u00f2 que els socis preserven, tant coses materials com experi\u00e8ncies amb el pas dels anys, i no nom\u00e9s en el col\u00b7leccionisme sin\u00f3 tamb\u00e9 en tot el que ho envolta. Molts d&#8217;aquests col\u00b7leccionistes disposen d&#8217;elements dignes de ser exposats.<\/p>\n<p>Aquest moviment, sumat a les inquietuds de tanta gent, fa que es canalitzin projectes d&#8217;exposicions, que s\u00f3n presentats a TMB i que s\u00f3n molt ben rebuts a l&#8217;empresa, la qual va cedir en diverses ocasions la\u00a0<strong>Galeria Foronda<\/strong>, inaugurada l&#8217;any 1999 i ubicada a l&#8217;estaci\u00f3 de metro de Tarragona de la l\u00ednia 3.<\/p>\n<p>Al CON de Ponent, ACEMA t\u00e9 un espai d&#8217;exposici\u00f3 permanent on habitualment es comparteixen mostres fotogr\u00e0fiques.<\/p>\n<p>L&#8217;associaci\u00f3 va ser tamb\u00e9 un dels principals organitzadors del <a href=\"https:\/\/www.acemabcn.org\/associacio\/voluntariat\/\">Centenari del Bus a Barcelona<\/a>, celebrat el setembre de 2006 a la Barceloneta.<\/p>\n<p>A les instal\u00b7lacions de Gaud\u00ed, ACEMA t\u00e9 exposats diversos articles vinculats a peces de coleccionista, tant de TMB com d&#8217;altres operadors.<\/p>\n<h1>Exposicions Galeria Foronda<\/h1>\n<div id='gallery-1' class='gallery galleryid-324 gallery-columns-4 gallery-size-medium'><figure class='gallery-item'>\n\t\t\t<div class='gallery-icon landscape'>\n\t\t\t\t<a href='https:\/\/www.acemabcn.org\/wp-content\/uploads\/2015\/11\/fotos-inauguracio-01.jpg'><img loading=\"lazy\" decoding=\"async\" width=\"300\" height=\"225\" src=\"https:\/\/www.acemabcn.org\/wp-content\/uploads\/2015\/11\/fotos-inauguracio-01-300x225.jpg\" class=\"attachment-medium size-medium\" alt=\"\" srcset=\"https:\/\/www.acemabcn.org\/wp-content\/uploads\/2015\/11\/fotos-inauguracio-01-300x225.jpg 300w, https:\/\/www.acemabcn.org\/wp-content\/uploads\/2015\/11\/fotos-inauguracio-01.jpg 1024w\" sizes=\"auto, (max-width: 300px) 100vw, 300px\" \/><\/a>\n\t\t\t<\/div><\/figure><figure class='gallery-item'>\n\t\t\t<div class='gallery-icon landscape'>\n\t\t\t\t<a href='https:\/\/www.acemabcn.org\/wp-content\/uploads\/2015\/11\/fotos-inauguracio-03.jpg'><img loading=\"lazy\" decoding=\"async\" width=\"300\" height=\"225\" src=\"https:\/\/www.acemabcn.org\/wp-content\/uploads\/2015\/11\/fotos-inauguracio-03-300x225.jpg\" class=\"attachment-medium size-medium\" alt=\"\" srcset=\"https:\/\/www.acemabcn.org\/wp-content\/uploads\/2015\/11\/fotos-inauguracio-03-300x225.jpg 300w, https:\/\/www.acemabcn.org\/wp-content\/uploads\/2015\/11\/fotos-inauguracio-03.jpg 1024w\" sizes=\"auto, (max-width: 300px) 100vw, 300px\" \/><\/a>\n\t\t\t<\/div><\/figure><figure class='gallery-item'>\n\t\t\t<div class='gallery-icon landscape'>\n\t\t\t\t<a href='https:\/\/www.acemabcn.org\/wp-content\/uploads\/2015\/11\/fotos-inauguracio-05.jpg'><img loading=\"lazy\" decoding=\"async\" width=\"300\" height=\"225\" src=\"https:\/\/www.acemabcn.org\/wp-content\/uploads\/2015\/11\/fotos-inauguracio-05-300x225.jpg\" class=\"attachment-medium size-medium\" alt=\"\" srcset=\"https:\/\/www.acemabcn.org\/wp-content\/uploads\/2015\/11\/fotos-inauguracio-05-300x225.jpg 300w, https:\/\/www.acemabcn.org\/wp-content\/uploads\/2015\/11\/fotos-inauguracio-05.jpg 1024w\" sizes=\"auto, (max-width: 300px) 100vw, 300px\" \/><\/a>\n\t\t\t<\/div><\/figure><figure class='gallery-item'>\n\t\t\t<div class='gallery-icon landscape'>\n\t\t\t\t<a href='https:\/\/www.acemabcn.org\/wp-content\/uploads\/2015\/11\/IMG_2482.jpg'><img loading=\"lazy\" decoding=\"async\" width=\"300\" height=\"225\" src=\"https:\/\/www.acemabcn.org\/wp-content\/uploads\/2015\/11\/IMG_2482-300x225.jpg\" class=\"attachment-medium size-medium\" alt=\"\" srcset=\"https:\/\/www.acemabcn.org\/wp-content\/uploads\/2015\/11\/IMG_2482-300x225.jpg 300w, https:\/\/www.acemabcn.org\/wp-content\/uploads\/2015\/11\/IMG_2482.jpg 1024w\" sizes=\"auto, (max-width: 300px) 100vw, 300px\" \/><\/a>\n\t\t\t<\/div><\/figure>\n\t\t<\/div>\n\n<p>Amb motiu de la celebraci\u00f3 de les diverses exposicions, es van editar uns llibres explicant i ampliant el que s&#8217;oferia a les vitrines de la Galeria Foronda.<\/p>\n\n<!-- Generated using Document Gallery. Get yours here: http:\/\/wordpress.org\/extend\/plugins\/document-gallery -->\n<div id=\"document-gallery-1\" class=\"document-gallery\" data-shortcode='{\"id\":324,\"include\":\"2393,2391,2390,2392,2389,2388,2395,2394\",\"exclude\":\"\",\"columns\":4,\"fancy\":true,\"order\":\"DESC\",\"orderby\":\"post__in\",\"relation\":\"AND\",\"limit\":-1,\"mime_types\":\"application,video,text,audio,image\",\"new_window\":true,\"paginate\":true,\"post_status\":\"any\",\"post_type\":\"attachment\",\"descriptions\":false,\"attachment_pg\":false,\"skip\":0}' style='--dg-icon-width: 24%'>\n<div class='document-icon-row'>\n   <div class=\"document-icon\">\n      <a href=\"https:\/\/www.acemabcn.org\/wp-content\/uploads\/2015\/11\/expoacema.pdf\" target=\"_blank\">\n         <img decoding=\"async\" src=\"https:\/\/www.acemabcn.org\/wp-content\/uploads\/2015\/11\/expoacema-thumb.png\" title=\"Exposici\u00f3 ACEMA\" alt=\"Exposici\u00f3 ACEMA\" data-ext=\"pdf\"\/>\n         <span class=\"title\">Exposici\u00f3 ACEMA<\/span>\n      <\/a>\n   <\/div>\n   <div class=\"document-icon\">\n      <a href=\"https:\/\/www.acemabcn.org\/wp-content\/uploads\/2015\/11\/expomineralogia.pdf\" target=\"_blank\">\n         <img decoding=\"async\" src=\"https:\/\/www.acemabcn.org\/wp-content\/uploads\/2015\/11\/expomineralogia-thumb.png\" title=\"Exposici\u00f3 mineralogia\" alt=\"Exposici\u00f3 mineralogia\" data-ext=\"pdf\"\/>\n         <span class=\"title\">Exposici\u00f3 mineralogia<\/span>\n      <\/a>\n   <\/div>\n   <div class=\"document-icon\">\n      <a href=\"https:\/\/www.acemabcn.org\/wp-content\/uploads\/2015\/11\/expovietnam.pdf\" target=\"_blank\">\n         <img decoding=\"async\" src=\"https:\/\/www.acemabcn.org\/wp-content\/uploads\/2015\/11\/expovietnam-thumb.png\" title=\"expovietnam\" alt=\"expovietnam\" data-ext=\"pdf\"\/>\n         <span class=\"title\">expovietnam<\/span>\n      <\/a>\n   <\/div>\n   <div class=\"document-icon\">\n      <a href=\"https:\/\/www.acemabcn.org\/wp-content\/uploads\/2015\/11\/expoforondotelica.pdf\" target=\"_blank\">\n         <img decoding=\"async\" src=\"https:\/\/www.acemabcn.org\/wp-content\/uploads\/2015\/11\/expoforondotelica-thumb.png\" title=\"I Exposici\u00f3 forondot\u00e8lica\" alt=\"I Exposici\u00f3 forondot\u00e8lica\" data-ext=\"pdf\"\/>\n         <span class=\"title\">I Exposici\u00f3 forondot\u00e8lica<\/span>\n      <\/a>\n   <\/div>\n\n<\/div>\n<div class='document-icon-row'>\n   <div class=\"document-icon\">\n      <a href=\"https:\/\/www.acemabcn.org\/wp-content\/uploads\/2015\/11\/vexpoforondotelica.pdf\" target=\"_blank\">\n         <img decoding=\"async\" src=\"https:\/\/www.acemabcn.org\/wp-content\/uploads\/2015\/11\/vexpoforondotelica-thumb.png\" title=\"V Exposici\u00f3 forondot\u00e8lica\" alt=\"V Exposici\u00f3 forondot\u00e8lica\" data-ext=\"pdf\"\/>\n         <span class=\"title\">V Exposici\u00f3 forondot\u00e8lica<\/span>\n      <\/a>\n   <\/div>\n   <div class=\"document-icon\">\n      <a href=\"https:\/\/www.acemabcn.org\/wp-content\/uploads\/2015\/11\/viiexpoforondotelica.pdf\" target=\"_blank\">\n         <img decoding=\"async\" src=\"https:\/\/www.acemabcn.org\/wp-content\/uploads\/2015\/11\/viiexpoforondotelica-thumb.png\" title=\"VII Exposici\u00f3 forondot\u00e8lica\" alt=\"VII Exposici\u00f3 forondot\u00e8lica\" data-ext=\"pdf\"\/>\n         <span class=\"title\">VII Exposici\u00f3 forondot\u00e8lica<\/span>\n      <\/a>\n   <\/div>\n   <div class=\"document-icon\">\n      <a href=\"https:\/\/www.acemabcn.org\/wp-content\/uploads\/2015\/11\/viiiexpoforondotelica.pdf\" target=\"_blank\">\n         <img decoding=\"async\" src=\"https:\/\/www.acemabcn.org\/wp-content\/uploads\/2015\/11\/viiiexpoforondotelica-thumb.png\" title=\"VIII Exposici\u00f3 forondot\u00e8lica\" alt=\"VIII Exposici\u00f3 forondot\u00e8lica\" data-ext=\"pdf\"\/>\n         <span class=\"title\">VIII Exposici\u00f3 forondot\u00e8lica<\/span>\n      <\/a>\n   <\/div>\n   <div class=\"document-icon\">\n      <a href=\"https:\/\/www.acemabcn.org\/wp-content\/uploads\/2015\/11\/xexpoforondotelica.pdf\" target=\"_blank\">\n         <img decoding=\"async\" src=\"https:\/\/www.acemabcn.org\/wp-content\/uploads\/2015\/11\/xexpoforondotelica-thumb.png\" title=\"X Exposici\u00f3 forondot\u00e8lica\" alt=\"X Exposici\u00f3 forondot\u00e8lica\" data-ext=\"pdf\"\/>\n         <span class=\"title\">X Exposici\u00f3 forondot\u00e8lica<\/span>\n      <\/a>\n   <\/div>\n\n<\/div>\n<\/div>\n<h1>Exposicions del CON Ponent<\/h1>\n<p>ACEMA ha muntat quatre\u00a0exposicions a les vitrines del CON de Ponent.<\/p>\n<ul>\n<li>Any 2002:\u00a0<em>Les l\u00ednies del CON de Ponent<\/em>.<\/li>\n<li>Any 2006:\u00a0<em>Barcelona Bus Tur\u00edstic<\/em>.<\/li>\n<li>Any 2014:\u00a0<em>Els Troleibusos<\/em>.<\/li>\n<li>Any 2015: <i>50 anys d&#8217;articulats a Barcelona<\/i>.<\/li>\n<\/ul>\n<div id='gallery-2' class='gallery galleryid-324 gallery-columns-3 gallery-size-medium'><figure class='gallery-item'>\n\t\t\t<div class='gallery-icon landscape'>\n\t\t\t\t<a href='https:\/\/www.acemabcn.org\/wp-content\/uploads\/2015\/11\/1.jpg'><img loading=\"lazy\" decoding=\"async\" width=\"300\" height=\"225\" src=\"https:\/\/www.acemabcn.org\/wp-content\/uploads\/2015\/11\/1-300x225.jpg\" class=\"attachment-medium size-medium\" alt=\"\" aria-describedby=\"gallery-2-2610\" srcset=\"https:\/\/www.acemabcn.org\/wp-content\/uploads\/2015\/11\/1-300x225.jpg 300w, https:\/\/www.acemabcn.org\/wp-content\/uploads\/2015\/11\/1.jpg 1024w\" sizes=\"auto, (max-width: 300px) 100vw, 300px\" \/><\/a>\n\t\t\t<\/div>\n\t\t\t\t<figcaption class='wp-caption-text gallery-caption' id='gallery-2-2610'>\n\t\t\t\tExposici\u00f3 l\u00ednies CON Ponent\n\t\t\t\t<\/figcaption><\/figure><figure class='gallery-item'>\n\t\t\t<div class='gallery-icon landscape'>\n\t\t\t\t<a href='https:\/\/www.acemabcn.org\/wp-content\/uploads\/2015\/11\/630100-20A-2.jpg'><img loading=\"lazy\" decoding=\"async\" width=\"300\" height=\"225\" src=\"https:\/\/www.acemabcn.org\/wp-content\/uploads\/2015\/11\/630100-20A-2-300x225.jpg\" class=\"attachment-medium size-medium\" alt=\"\" aria-describedby=\"gallery-2-2612\" srcset=\"https:\/\/www.acemabcn.org\/wp-content\/uploads\/2015\/11\/630100-20A-2-300x225.jpg 300w, https:\/\/www.acemabcn.org\/wp-content\/uploads\/2015\/11\/630100-20A-2.jpg 1024w\" sizes=\"auto, (max-width: 300px) 100vw, 300px\" \/><\/a>\n\t\t\t<\/div>\n\t\t\t\t<figcaption class='wp-caption-text gallery-caption' id='gallery-2-2612'>\n\t\t\t\tExposici\u00f3 l\u00ednies CON Ponent\n\t\t\t\t<\/figcaption><\/figure><figure class='gallery-item'>\n\t\t\t<div class='gallery-icon landscape'>\n\t\t\t\t<a href='https:\/\/www.acemabcn.org\/wp-content\/uploads\/2015\/11\/630100-24A-3.jpg'><img loading=\"lazy\" decoding=\"async\" width=\"300\" height=\"225\" src=\"https:\/\/www.acemabcn.org\/wp-content\/uploads\/2015\/11\/630100-24A-3-300x225.jpg\" class=\"attachment-medium size-medium\" alt=\"\" aria-describedby=\"gallery-2-2613\" srcset=\"https:\/\/www.acemabcn.org\/wp-content\/uploads\/2015\/11\/630100-24A-3-300x225.jpg 300w, https:\/\/www.acemabcn.org\/wp-content\/uploads\/2015\/11\/630100-24A-3.jpg 1024w\" sizes=\"auto, (max-width: 300px) 100vw, 300px\" \/><\/a>\n\t\t\t<\/div>\n\t\t\t\t<figcaption class='wp-caption-text gallery-caption' id='gallery-2-2613'>\n\t\t\t\tExposici\u00f3 l\u00ednies CON Ponent\n\t\t\t\t<\/figcaption><\/figure><figure class='gallery-item'>\n\t\t\t<div class='gallery-icon landscape'>\n\t\t\t\t<a href='https:\/\/www.acemabcn.org\/wp-content\/uploads\/2015\/11\/630100-15A-2.jpg'><img loading=\"lazy\" decoding=\"async\" width=\"300\" height=\"225\" src=\"https:\/\/www.acemabcn.org\/wp-content\/uploads\/2015\/11\/630100-15A-2-300x225.jpg\" class=\"attachment-medium size-medium\" alt=\"\" aria-describedby=\"gallery-2-2611\" srcset=\"https:\/\/www.acemabcn.org\/wp-content\/uploads\/2015\/11\/630100-15A-2-300x225.jpg 300w, https:\/\/www.acemabcn.org\/wp-content\/uploads\/2015\/11\/630100-15A-2.jpg 1024w\" sizes=\"auto, (max-width: 300px) 100vw, 300px\" \/><\/a>\n\t\t\t<\/div>\n\t\t\t\t<figcaption class='wp-caption-text gallery-caption' id='gallery-2-2611'>\n\t\t\t\tExposici\u00f3 l\u00ednies CON Ponent\n\t\t\t\t<\/figcaption><\/figure><figure class='gallery-item'>\n\t\t\t<div class='gallery-icon landscape'>\n\t\t\t\t<a href='https:\/\/www.acemabcn.org\/wp-content\/uploads\/2015\/11\/IMG_7828.jpg'><img loading=\"lazy\" decoding=\"async\" width=\"300\" height=\"225\" src=\"https:\/\/www.acemabcn.org\/wp-content\/uploads\/2015\/11\/IMG_7828-300x225.jpg\" class=\"attachment-medium size-medium\" alt=\"\" aria-describedby=\"gallery-2-518\" srcset=\"https:\/\/www.acemabcn.org\/wp-content\/uploads\/2015\/11\/IMG_7828-300x225.jpg 300w, https:\/\/www.acemabcn.org\/wp-content\/uploads\/2015\/11\/IMG_7828.jpg 1024w\" sizes=\"auto, (max-width: 300px) 100vw, 300px\" \/><\/a>\n\t\t\t<\/div>\n\t\t\t\t<figcaption class='wp-caption-text gallery-caption' id='gallery-2-518'>\n\t\t\t\tExposici\u00f3 Troleibusos\n\t\t\t\t<\/figcaption><\/figure><figure class='gallery-item'>\n\t\t\t<div class='gallery-icon landscape'>\n\t\t\t\t<a href='https:\/\/www.acemabcn.org\/wp-content\/uploads\/2015\/11\/IMG_7816.jpg'><img loading=\"lazy\" decoding=\"async\" width=\"300\" height=\"225\" src=\"https:\/\/www.acemabcn.org\/wp-content\/uploads\/2015\/11\/IMG_7816-300x225.jpg\" class=\"attachment-medium size-medium\" alt=\"\" aria-describedby=\"gallery-2-517\" srcset=\"https:\/\/www.acemabcn.org\/wp-content\/uploads\/2015\/11\/IMG_7816-300x225.jpg 300w, https:\/\/www.acemabcn.org\/wp-content\/uploads\/2015\/11\/IMG_7816.jpg 1024w\" sizes=\"auto, (max-width: 300px) 100vw, 300px\" \/><\/a>\n\t\t\t<\/div>\n\t\t\t\t<figcaption class='wp-caption-text gallery-caption' id='gallery-2-517'>\n\t\t\t\tExposici\u00f3 Troleibusos\n\t\t\t\t<\/figcaption><\/figure>\n\t\t<\/div>\n\n<h1>Exposici\u00f3 VII Ral\u00b7li d&#8217;Autobusos Cl\u00e0ssics<\/h1>\n<p>Al \u00a0VII\u00e8 Ral\u00b7li d&#8217;autobusos Cl\u00e0ssics, ACEMA va preparar junt amb la Fundaci\u00f3 TMB una exposici\u00f3 sobre el 50 aniversari dels autobusos articulats a Barcelona. A trav\u00e9s d\u00b4explicacions, fotografies i dibuixos els visitants de l&#8217;exposici\u00f3 van poder repassar la historia d&#8217;aquest tipus d&#8217;autob\u00fas a Barcelona.<\/p>\n<p>Durant el mes de novembre i desembre de 2016, aquesta exposici\u00f3 s&#8217;ha mostrat a tots els C.O.N.&#8217;s de bus i altres centres de treball de TMB.<\/p>\n<div id='gallery-3' class='gallery galleryid-324 gallery-columns-3 gallery-size-medium'><figure class='gallery-item'>\n\t\t\t<div class='gallery-icon landscape'>\n\t\t\t\t<a href='https:\/\/www.acemabcn.org\/wp-content\/uploads\/2016\/05\/DSC03208.jpg'><img loading=\"lazy\" decoding=\"async\" width=\"300\" height=\"225\" src=\"https:\/\/www.acemabcn.org\/wp-content\/uploads\/2016\/05\/DSC03208-300x225.jpg\" class=\"attachment-medium size-medium\" alt=\"\" aria-describedby=\"gallery-3-2153\" srcset=\"https:\/\/www.acemabcn.org\/wp-content\/uploads\/2016\/05\/DSC03208-300x225.jpg 300w, https:\/\/www.acemabcn.org\/wp-content\/uploads\/2016\/05\/DSC03208.jpg 1024w\" sizes=\"auto, (max-width: 300px) 100vw, 300px\" \/><\/a>\n\t\t\t<\/div>\n\t\t\t\t<figcaption class='wp-caption-text gallery-caption' id='gallery-3-2153'>\n\t\t\t\tVII Ral\u00b7li d&#8217;Autobusos Cl\u00e0ssics\n\t\t\t\t<\/figcaption><\/figure><figure class='gallery-item'>\n\t\t\t<div class='gallery-icon landscape'>\n\t\t\t\t<a href='https:\/\/www.acemabcn.org\/wp-content\/uploads\/2016\/05\/DSC03202.jpg'><img loading=\"lazy\" decoding=\"async\" width=\"300\" height=\"225\" src=\"https:\/\/www.acemabcn.org\/wp-content\/uploads\/2016\/05\/DSC03202-300x225.jpg\" class=\"attachment-medium size-medium\" alt=\"\" aria-describedby=\"gallery-3-2152\" srcset=\"https:\/\/www.acemabcn.org\/wp-content\/uploads\/2016\/05\/DSC03202-300x225.jpg 300w, https:\/\/www.acemabcn.org\/wp-content\/uploads\/2016\/05\/DSC03202.jpg 1024w\" sizes=\"auto, (max-width: 300px) 100vw, 300px\" \/><\/a>\n\t\t\t<\/div>\n\t\t\t\t<figcaption class='wp-caption-text gallery-caption' id='gallery-3-2152'>\n\t\t\t\tVII Ral\u00b7li d&#8217;Autobusos Cl\u00e0ssics\n\t\t\t\t<\/figcaption><\/figure><figure class='gallery-item'>\n\t\t\t<div class='gallery-icon landscape'>\n\t\t\t\t<a href='https:\/\/www.acemabcn.org\/wp-content\/uploads\/2016\/12\/Triangle_3-1.jpg'><img loading=\"lazy\" decoding=\"async\" width=\"300\" height=\"225\" src=\"https:\/\/www.acemabcn.org\/wp-content\/uploads\/2016\/12\/Triangle_3-1-300x225.jpg\" class=\"attachment-medium size-medium\" alt=\"\" aria-describedby=\"gallery-3-2582\" srcset=\"https:\/\/www.acemabcn.org\/wp-content\/uploads\/2016\/12\/Triangle_3-1-300x225.jpg 300w, https:\/\/www.acemabcn.org\/wp-content\/uploads\/2016\/12\/Triangle_3-1.jpg 1024w\" sizes=\"auto, (max-width: 300px) 100vw, 300px\" \/><\/a>\n\t\t\t<\/div>\n\t\t\t\t<figcaption class='wp-caption-text gallery-caption' id='gallery-3-2582'>\n\t\t\t\tCON Triangle\n\t\t\t\t<\/figcaption><\/figure>\n\t\t<\/div>\n\n<h1>Exposici\u00f3 VIII Ral\u00b7li d&#8217;Autobusos Cl\u00e0ssics<\/h1>\n<p>Al VIII\u00e8 Ral\u00b7li d&#8217;Autobusos Cl\u00e0ssics, ACEMA va preparar junt amb la Fundaci\u00f3 TMB una exposici\u00f3 sobre el 30 aniversari del Barcelona Bus Tur\u00edstic. A trav\u00e9s d&#8217; explicacions i fotografies els visitants de l&#8217;exposici\u00f3 van poder repassar la historia d&#8217;aquest servei tur\u00edstic d&#8217;autob\u00fas a Barcelona.<\/p>\n<p>Durant el mes d&#8217;octubre i novembre de 2017, aquesta exposici\u00f3 s&#8217;ha mostrat a tots els C.O.N.&#8217;s de bus i altres centres de treball de TMB.<\/p>\n<h1>Exposici\u00f3 del Centenari del Bus<\/h1>\n<p>ACEMA va col\u00b7laborar en l&#8217;exposici\u00f3 del Centenari del Bus, celebrat l&#8217;any 2006.\u00a0Aqu\u00ed\u00a0podreu trobar el llibre que es va editar per a l&#8217;ocasi\u00f3.<\/p>\n\n<!-- Generated using Document Gallery. Get yours here: http:\/\/wordpress.org\/extend\/plugins\/document-gallery -->\n<div id=\"document-gallery-2\" class=\"document-gallery\" data-shortcode='{\"id\":324,\"include\":\"2397\",\"exclude\":\"\",\"columns\":4,\"fancy\":true,\"order\":\"DESC\",\"orderby\":\"post__in\",\"relation\":\"AND\",\"limit\":-1,\"mime_types\":\"application,video,text,audio,image\",\"new_window\":true,\"paginate\":true,\"post_status\":\"any\",\"post_type\":\"attachment\",\"descriptions\":false,\"attachment_pg\":false,\"skip\":0}' style='--dg-icon-width: 24%'>\n<div class='document-icon-row'>\n   <div class=\"document-icon\">\n      <a href=\"https:\/\/www.acemabcn.org\/wp-content\/uploads\/2015\/11\/100_anys_bus.pdf\" target=\"_blank\">\n         <img decoding=\"async\" src=\"https:\/\/www.acemabcn.org\/wp-content\/uploads\/2015\/11\/100_anys_bus-thumb.png\" title=\"100 anys de bus a Barcelona\" alt=\"100 anys de bus a Barcelona\" data-ext=\"pdf\"\/>\n         <span class=\"title\">100 anys de bus a Barcelona<\/span>\n      <\/a>\n   <\/div>\n\n<\/div>\n<\/div>\n<h1>Exposicions Espai Gaud\u00ed<\/h1>\n<p>ACEMA compta amb una exposici\u00f3 permanent a l&#8217;Espai Gaud\u00ed, \u00a0amb objectes de la historia del transport de TMB aix\u00ed com parades d&#8217;autob\u00fas antigues i alhora simb\u00f2liques, a m\u00e9s de vitrines amb diverses exposicions fotogr\u00e0fiques.<\/p>\n<p><div id='gallery-4' class='gallery galleryid-324 gallery-columns-3 gallery-size-medium'><figure class='gallery-item'>\n\t\t\t<div class='gallery-icon landscape'>\n\t\t\t\t<a href='https:\/\/www.acemabcn.org\/wp-content\/uploads\/2015\/11\/DSC04670.jpg'><img loading=\"lazy\" decoding=\"async\" width=\"300\" height=\"225\" src=\"https:\/\/www.acemabcn.org\/wp-content\/uploads\/2015\/11\/DSC04670-300x225.jpg\" class=\"attachment-medium size-medium\" alt=\"\" srcset=\"https:\/\/www.acemabcn.org\/wp-content\/uploads\/2015\/11\/DSC04670-300x225.jpg 300w, https:\/\/www.acemabcn.org\/wp-content\/uploads\/2015\/11\/DSC04670.jpg 1024w\" sizes=\"auto, (max-width: 300px) 100vw, 300px\" \/><\/a>\n\t\t\t<\/div><\/figure><figure class='gallery-item'>\n\t\t\t<div class='gallery-icon landscape'>\n\t\t\t\t<a href='https:\/\/www.acemabcn.org\/wp-content\/uploads\/2015\/11\/DSC09885.jpg'><img loading=\"lazy\" decoding=\"async\" width=\"300\" height=\"225\" src=\"https:\/\/www.acemabcn.org\/wp-content\/uploads\/2015\/11\/DSC09885-300x225.jpg\" class=\"attachment-medium size-medium\" alt=\"\" srcset=\"https:\/\/www.acemabcn.org\/wp-content\/uploads\/2015\/11\/DSC09885-300x225.jpg 300w, https:\/\/www.acemabcn.org\/wp-content\/uploads\/2015\/11\/DSC09885.jpg 1024w\" sizes=\"auto, (max-width: 300px) 100vw, 300px\" \/><\/a>\n\t\t\t<\/div><\/figure><figure class='gallery-item'>\n\t\t\t<div class='gallery-icon portrait'>\n\t\t\t\t<a href='https:\/\/www.acemabcn.org\/wp-content\/uploads\/2015\/11\/DSC09893.jpg'><img loading=\"lazy\" decoding=\"async\" width=\"225\" height=\"300\" src=\"https:\/\/www.acemabcn.org\/wp-content\/uploads\/2015\/11\/DSC09893-225x300.jpg\" class=\"attachment-medium size-medium\" alt=\"\" srcset=\"https:\/\/www.acemabcn.org\/wp-content\/uploads\/2015\/11\/DSC09893-225x300.jpg 225w, https:\/\/www.acemabcn.org\/wp-content\/uploads\/2015\/11\/DSC09893.jpg 768w\" sizes=\"auto, (max-width: 225px) 100vw, 225px\" \/><\/a>\n\t\t\t<\/div><\/figure><figure class='gallery-item'>\n\t\t\t<div class='gallery-icon landscape'>\n\t\t\t\t<a href='https:\/\/www.acemabcn.org\/wp-content\/uploads\/2015\/11\/DSC09895.jpg'><img loading=\"lazy\" decoding=\"async\" width=\"300\" height=\"225\" src=\"https:\/\/www.acemabcn.org\/wp-content\/uploads\/2015\/11\/DSC09895-300x225.jpg\" class=\"attachment-medium size-medium\" alt=\"\" srcset=\"https:\/\/www.acemabcn.org\/wp-content\/uploads\/2015\/11\/DSC09895-300x225.jpg 300w, https:\/\/www.acemabcn.org\/wp-content\/uploads\/2015\/11\/DSC09895.jpg 1024w\" sizes=\"auto, (max-width: 300px) 100vw, 300px\" \/><\/a>\n\t\t\t<\/div><\/figure><figure class='gallery-item'>\n\t\t\t<div class='gallery-icon landscape'>\n\t\t\t\t<a href='https:\/\/www.acemabcn.org\/wp-content\/uploads\/2015\/11\/DSC09896.jpg'><img loading=\"lazy\" decoding=\"async\" width=\"300\" height=\"225\" src=\"https:\/\/www.acemabcn.org\/wp-content\/uploads\/2015\/11\/DSC09896-300x225.jpg\" class=\"attachment-medium size-medium\" alt=\"\" srcset=\"https:\/\/www.acemabcn.org\/wp-content\/uploads\/2015\/11\/DSC09896-300x225.jpg 300w, https:\/\/www.acemabcn.org\/wp-content\/uploads\/2015\/11\/DSC09896.jpg 1024w\" sizes=\"auto, (max-width: 300px) 100vw, 300px\" \/><\/a>\n\t\t\t<\/div><\/figure><figure class='gallery-item'>\n\t\t\t<div class='gallery-icon landscape'>\n\t\t\t\t<a href='https:\/\/www.acemabcn.org\/wp-content\/uploads\/2015\/11\/DSC09903.jpg'><img loading=\"lazy\" decoding=\"async\" width=\"300\" height=\"225\" src=\"https:\/\/www.acemabcn.org\/wp-content\/uploads\/2015\/11\/DSC09903-300x225.jpg\" class=\"attachment-medium size-medium\" alt=\"\" srcset=\"https:\/\/www.acemabcn.org\/wp-content\/uploads\/2015\/11\/DSC09903-300x225.jpg 300w, https:\/\/www.acemabcn.org\/wp-content\/uploads\/2015\/11\/DSC09903.jpg 1024w\" sizes=\"auto, (max-width: 300px) 100vw, 300px\" \/><\/a>\n\t\t\t<\/div><\/figure>\n\t\t<\/div>\n<\/p>","protected":false},"excerpt":{"rendered":"<p><span class=\"more-wrapper\"><a class=\"more-link button\" href=\"https:\/\/www.acemabcn.org\/ca\/associacio\/exposicions\/\">Seguir leyendo<\/a><\/span><\/p>\n","protected":false},"author":1,"featured_media":517,"parent":78,"menu_order":0,"comment_status":"closed","ping_status":"closed","template":"","meta":{"inline_featured_image":false,"_exactmetrics_skip_tracking":false,"_exactmetrics_sitenote_active":false,"_exactmetrics_sitenote_note":"","_exactmetrics_sitenote_category":0,"footnotes":""},"class_list":["post-324","page","type-page","status-publish","has-post-thumbnail","hentry"],"_links":{"self":[{"href":"https:\/\/www.acemabcn.org\/ca\/wp-json\/wp\/v2\/pages\/324","targetHints":{"allow":["GET"]}}],"collection":[{"href":"https:\/\/www.acemabcn.org\/ca\/wp-json\/wp\/v2\/pages"}],"about":[{"href":"https:\/\/www.acemabcn.org\/ca\/wp-json\/wp\/v2\/types\/page"}],"author":[{"embeddable":true,"href":"https:\/\/www.acemabcn.org\/ca\/wp-json\/wp\/v2\/users\/1"}],"replies":[{"embeddable":true,"href":"https:\/\/www.acemabcn.org\/ca\/wp-json\/wp\/v2\/comments?post=324"}],"version-history":[{"count":28,"href":"https:\/\/www.acemabcn.org\/ca\/wp-json\/wp\/v2\/pages\/324\/revisions"}],"predecessor-version":[{"id":3022,"href":"https:\/\/www.acemabcn.org\/ca\/wp-json\/wp\/v2\/pages\/324\/revisions\/3022"}],"up":[{"embeddable":true,"href":"https:\/\/www.acemabcn.org\/ca\/wp-json\/wp\/v2\/pages\/78"}],"wp:featuredmedia":[{"embeddable":true,"href":"https:\/\/www.acemabcn.org\/ca\/wp-json\/wp\/v2\/media\/517"}],"wp:attachment":[{"href":"https:\/\/www.acemabcn.org\/ca\/wp-json\/wp\/v2\/media?parent=324"}],"curies":[{"name":"wp","href":"https:\/\/api.w.org\/{rel}","templated":true}]}}