{"id":331,"date":"2015-11-08T17:22:39","date_gmt":"2015-11-08T17:22:39","guid":{"rendered":"http:\/\/www.acemabcn.org\/?page_id=331"},"modified":"2016-09-26T19:42:08","modified_gmt":"2016-09-26T19:42:08","slug":"restauracions","status":"publish","type":"page","link":"https:\/\/www.acemabcn.org\/ca\/associacio\/restauracions\/","title":{"rendered":"Restauracions"},"content":{"rendered":"<p>Abans de la creaci\u00f3 de la Fundaci\u00f3 TMB, tot el material hist\u00f2ric es podia veure en un petit hangar proper a la poblaci\u00f3 de La Pobla de Lillet. TMB es va interessar per tot el patrimoni, i es va crear un comit\u00e8 del qual diversos socis d&#8217;ACEMA en van formar part.<\/p>\n<p>Es van realitzar quatre viatges per a veure, anotar, participar i ajudar per tal que tot el material torn\u00e9s a Barcelona.<\/p>\n<p>Un cop els vehicles van arribar al CON Triangle, es van crear grups de treball per comen\u00e7ar a restaurar els vehicles. ACEMA ha participat en algunes d&#8217;aquestes restauracions.<\/p>\n<h1>Dodge 265<\/h1>\n<p>Un cop va ser recuperat, TMB va presentar el Dodge i el va fer participar en diversos actes. Tot i aix\u00f2, entre els assistents es criticava la disparitat dels colors que presentava en comparaci\u00f3 amb altres vehicles, i es va animar a Patrimoni a repintar el bus i donar-li un n\u00famero de calca.<\/p>\n<p><a href=\"http:\/\/www.acemabcn.org\/wp-content\/uploads\/2015\/11\/dodge-20-2.jpg\"><img loading=\"lazy\" decoding=\"async\" class=\" wp-image-493 alignleft\" src=\"http:\/\/www.acemabcn.org\/wp-content\/uploads\/2015\/11\/dodge-20-2-300x225.jpg\" alt=\"dodge 20 (2)\" width=\"367\" height=\"275\" srcset=\"https:\/\/www.acemabcn.org\/wp-content\/uploads\/2015\/11\/dodge-20-2-300x225.jpg 300w, https:\/\/www.acemabcn.org\/wp-content\/uploads\/2015\/11\/dodge-20-2.jpg 1024w\" sizes=\"auto, (max-width: 367px) 100vw, 367px\" \/><\/a>Patrimoni va veure b\u00e9 la idea i va delegar el projecte en representants d&#8217;ACEMA. L&#8217;associaci\u00f3 va fer els tr\u00e0mits oportuns, i TMB va donar el vistiplau al projecte.<\/p>\n<p>El pas seg\u00fcent va ser elaborar un esborrany i comen\u00e7ar a treballar. <em>Tranv\u00edas de Barcelona<\/em>, entre els anys 20 i 40, nom\u00e9s tenia tramvies; els autobusos que circulaven per la ciutat comtal eren de la\u00a0<em>Compa\u00f1\u00eda General de Autobuses<\/em>, per la qual cosa es va decidir que el Dodge s&#8217;assembl\u00e9s a un autob\u00fas de la CGA.<\/p>\n<p>L&#8217;esborrany que es va presentar amb els colors vermell i crema va semblar b\u00e9, per\u00f2 s&#8217;havia de decidir quin seria el to dels colors. Als vehicles de TB s&#8217;usava el fam\u00f3s &#8220;vermell Londres&#8221;. Per tal que els colors fossin iguals, es va prendre com a refer\u00e8ncia una maqueta d&#8217;un &#8220;Regent&#8221; londinenc. Ens vam posar en contacte amb un fabricant de pintures, que ens aconseguiria el to exacte.<\/p>\n<p>Vam decidir de canviar la senyalitzaci\u00f3 del darrere, ja que el bus portava els pilots d&#8217;un antic Seat 1400, que no s&#8217;assemblava en res al material de l&#8217;\u00e8poca. Aquests pilots serien proporcionats per ERSA, prove\u00efdor de material el\u00e8ctric d&#8217;automoci\u00f3 de TMB.<\/p>\n<p>La rotulaci\u00f3 externa del vehicle (el logotip de la CGA i el r\u00e8tol de l\u00ednia) van haver de ser dibuixats i impresos.<\/p>\n<p>Un cop es va acabar la restauraci\u00f3, els mec\u00e0nics van veure que els frens no responien, per la qual cosa es va elevar el cotxe i es va veure que els frens estaven trencats. Van haver de canviar-se.<\/p>\n<p>Amb aix\u00f2, el vehicle va quedar totalment restaurat. Tant als caps de Patrimoni com als de TMB els va encantar el resultat. El 12 de desembre del 2008, Patrimoni va citar a la pla\u00e7a Espanya a tots els membres del Comit\u00e8 per presentar el vehicle.<\/p>\n<p>Com a curiositat, el n\u00famero de calca adjudicat va ser el 265 ja que cap bus de la CGA el va portar.<\/p>\n<p>&nbsp;<\/p>\n<h1>Chausson 59<\/h1>\n<h1>Pegaso 6035\/A<\/h1>\n<p>En aquesta restauraci\u00f3, ACEMA va aportar, a trav\u00e9s dels seus socis, les mostres dels colors originals del vehicle, que s\u00f3n els que actualment porta el bus preservat. Els vehicles es van recuperar de la Universitat Aut\u00f2noma de Barcelona, on van estar prestant serveis transportant universitaris.<\/p>\n<div id='gallery-1' class='gallery galleryid-331 gallery-columns-3 gallery-size-medium'><figure class='gallery-item'>\n\t\t\t<div class='gallery-icon landscape'>\n\t\t\t\t<a href='https:\/\/www.acemabcn.org\/wp-content\/uploads\/2015\/11\/3036-30-05-2010_PRESENTACION-2.jpg'><img loading=\"lazy\" decoding=\"async\" width=\"300\" height=\"225\" src=\"https:\/\/www.acemabcn.org\/wp-content\/uploads\/2015\/11\/3036-30-05-2010_PRESENTACION-2-300x225.jpg\" class=\"attachment-medium size-medium\" alt=\"\" srcset=\"https:\/\/www.acemabcn.org\/wp-content\/uploads\/2015\/11\/3036-30-05-2010_PRESENTACION-2-300x225.jpg 300w, https:\/\/www.acemabcn.org\/wp-content\/uploads\/2015\/11\/3036-30-05-2010_PRESENTACION-2.jpg 1024w\" sizes=\"auto, (max-width: 300px) 100vw, 300px\" \/><\/a>\n\t\t\t<\/div><\/figure><figure class='gallery-item'>\n\t\t\t<div class='gallery-icon landscape'>\n\t\t\t\t<a href='https:\/\/www.acemabcn.org\/wp-content\/uploads\/2015\/11\/3036-COSMAN-2010-05-16-a_1-2.jpg'><img loading=\"lazy\" decoding=\"async\" width=\"300\" height=\"225\" src=\"https:\/\/www.acemabcn.org\/wp-content\/uploads\/2015\/11\/3036-COSMAN-2010-05-16-a_1-2-300x225.jpg\" class=\"attachment-medium size-medium\" alt=\"\" srcset=\"https:\/\/www.acemabcn.org\/wp-content\/uploads\/2015\/11\/3036-COSMAN-2010-05-16-a_1-2-300x225.jpg 300w, https:\/\/www.acemabcn.org\/wp-content\/uploads\/2015\/11\/3036-COSMAN-2010-05-16-a_1-2.jpg 1024w\" sizes=\"auto, (max-width: 300px) 100vw, 300px\" \/><\/a>\n\t\t\t<\/div><\/figure><figure class='gallery-item'>\n\t\t\t<div class='gallery-icon landscape'>\n\t\t\t\t<a href='https:\/\/www.acemabcn.org\/wp-content\/uploads\/2015\/11\/3036-COSMAN-2010-05-16-d_1-2.jpg'><img loading=\"lazy\" decoding=\"async\" width=\"300\" height=\"225\" src=\"https:\/\/www.acemabcn.org\/wp-content\/uploads\/2015\/11\/3036-COSMAN-2010-05-16-d_1-2-300x225.jpg\" class=\"attachment-medium size-medium\" alt=\"\" srcset=\"https:\/\/www.acemabcn.org\/wp-content\/uploads\/2015\/11\/3036-COSMAN-2010-05-16-d_1-2-300x225.jpg 300w, https:\/\/www.acemabcn.org\/wp-content\/uploads\/2015\/11\/3036-COSMAN-2010-05-16-d_1-2.jpg 1024w\" sizes=\"auto, (max-width: 300px) 100vw, 300px\" \/><\/a>\n\t\t\t<\/div><\/figure>\n\t\t<\/div>\n\n<h1>Aclo 410<\/h1>\n<div id='gallery-2' class='gallery galleryid-331 gallery-columns-3 gallery-size-medium'><figure class='gallery-item'>\n\t\t\t<div class='gallery-icon landscape'>\n\t\t\t\t<a href='https:\/\/www.acemabcn.org\/wp-content\/uploads\/2015\/11\/ESTADO-INICIAL-1-2.jpg'><img loading=\"lazy\" decoding=\"async\" width=\"300\" height=\"225\" src=\"https:\/\/www.acemabcn.org\/wp-content\/uploads\/2015\/11\/ESTADO-INICIAL-1-2-300x225.jpg\" class=\"attachment-medium size-medium\" alt=\"\" srcset=\"https:\/\/www.acemabcn.org\/wp-content\/uploads\/2015\/11\/ESTADO-INICIAL-1-2-300x225.jpg 300w, https:\/\/www.acemabcn.org\/wp-content\/uploads\/2015\/11\/ESTADO-INICIAL-1-2.jpg 1024w\" sizes=\"auto, (max-width: 300px) 100vw, 300px\" \/><\/a>\n\t\t\t<\/div><\/figure><figure class='gallery-item'>\n\t\t\t<div class='gallery-icon landscape'>\n\t\t\t\t<a href='https:\/\/www.acemabcn.org\/wp-content\/uploads\/2015\/11\/1-7-2010-a-2.jpg'><img loading=\"lazy\" decoding=\"async\" width=\"300\" height=\"225\" src=\"https:\/\/www.acemabcn.org\/wp-content\/uploads\/2015\/11\/1-7-2010-a-2-300x225.jpg\" class=\"attachment-medium size-medium\" alt=\"\" srcset=\"https:\/\/www.acemabcn.org\/wp-content\/uploads\/2015\/11\/1-7-2010-a-2-300x225.jpg 300w, https:\/\/www.acemabcn.org\/wp-content\/uploads\/2015\/11\/1-7-2010-a-2.jpg 1024w\" sizes=\"auto, (max-width: 300px) 100vw, 300px\" \/><\/a>\n\t\t\t<\/div><\/figure><figure class='gallery-item'>\n\t\t\t<div class='gallery-icon landscape'>\n\t\t\t\t<a href='https:\/\/www.acemabcn.org\/wp-content\/uploads\/2015\/11\/ACLO-Chasis_06-2.jpg'><img loading=\"lazy\" decoding=\"async\" width=\"300\" height=\"225\" src=\"https:\/\/www.acemabcn.org\/wp-content\/uploads\/2015\/11\/ACLO-Chasis_06-2-300x225.jpg\" class=\"attachment-medium size-medium\" alt=\"\" srcset=\"https:\/\/www.acemabcn.org\/wp-content\/uploads\/2015\/11\/ACLO-Chasis_06-2-300x225.jpg 300w, https:\/\/www.acemabcn.org\/wp-content\/uploads\/2015\/11\/ACLO-Chasis_06-2.jpg 1024w\" sizes=\"auto, (max-width: 300px) 100vw, 300px\" \/><\/a>\n\t\t\t<\/div><\/figure>\n\t\t<\/div>\n\n<h1>Mercedes-Benz O402<\/h1>\n<p>ACEMA va ajudar a TMB en la recuperaci\u00f3 d&#8217;un autob\u00fas midi del model Mercedes-Benz O402, amb carrosseria Castrosua de la s\u00e8rie 4100.<\/p>\n<p>Es va realitzar una visita a Fraga que no va tenir \u00e8xit. Posteriorment, es van iniciar converses amb l&#8217;empresa Font de Ripollet, que va ser qui finalment va aconseguir el vehicle.<\/p>\n<h1>Tramvia 58<\/h1>\n<div id='gallery-3' class='gallery galleryid-331 gallery-columns-4 gallery-size-medium'><figure class='gallery-item'>\n\t\t\t<div class='gallery-icon landscape'>\n\t\t\t\t<a href='https:\/\/www.acemabcn.org\/wp-content\/uploads\/2015\/11\/DSC_0031-2.jpg'><img loading=\"lazy\" decoding=\"async\" width=\"300\" height=\"225\" src=\"https:\/\/www.acemabcn.org\/wp-content\/uploads\/2015\/11\/DSC_0031-2-300x225.jpg\" class=\"attachment-medium size-medium\" alt=\"\" srcset=\"https:\/\/www.acemabcn.org\/wp-content\/uploads\/2015\/11\/DSC_0031-2-300x225.jpg 300w, https:\/\/www.acemabcn.org\/wp-content\/uploads\/2015\/11\/DSC_0031-2.jpg 1024w\" sizes=\"auto, (max-width: 300px) 100vw, 300px\" \/><\/a>\n\t\t\t<\/div><\/figure><figure class='gallery-item'>\n\t\t\t<div class='gallery-icon landscape'>\n\t\t\t\t<a href='https:\/\/www.acemabcn.org\/wp-content\/uploads\/2015\/11\/29-1-2008-c-2.jpg'><img loading=\"lazy\" decoding=\"async\" width=\"300\" height=\"225\" src=\"https:\/\/www.acemabcn.org\/wp-content\/uploads\/2015\/11\/29-1-2008-c-2-300x225.jpg\" class=\"attachment-medium size-medium\" alt=\"\" srcset=\"https:\/\/www.acemabcn.org\/wp-content\/uploads\/2015\/11\/29-1-2008-c-2-300x225.jpg 300w, https:\/\/www.acemabcn.org\/wp-content\/uploads\/2015\/11\/29-1-2008-c-2.jpg 1024w\" sizes=\"auto, (max-width: 300px) 100vw, 300px\" \/><\/a>\n\t\t\t<\/div><\/figure><figure class='gallery-item'>\n\t\t\t<div class='gallery-icon landscape'>\n\t\t\t\t<a href='https:\/\/www.acemabcn.org\/wp-content\/uploads\/2015\/11\/857-ALMENAR-10-10-2008-A_1-2.jpg'><img loading=\"lazy\" decoding=\"async\" width=\"300\" height=\"225\" src=\"https:\/\/www.acemabcn.org\/wp-content\/uploads\/2015\/11\/857-ALMENAR-10-10-2008-A_1-2-300x225.jpg\" class=\"attachment-medium size-medium\" alt=\"\" srcset=\"https:\/\/www.acemabcn.org\/wp-content\/uploads\/2015\/11\/857-ALMENAR-10-10-2008-A_1-2-300x225.jpg 300w, https:\/\/www.acemabcn.org\/wp-content\/uploads\/2015\/11\/857-ALMENAR-10-10-2008-A_1-2.jpg 1024w\" sizes=\"auto, (max-width: 300px) 100vw, 300px\" \/><\/a>\n\t\t\t<\/div><\/figure><figure class='gallery-item'>\n\t\t\t<div class='gallery-icon landscape'>\n\t\t\t\t<a href='https:\/\/www.acemabcn.org\/wp-content\/uploads\/2015\/11\/857-ALMENAR-17-3-2009-A_1-2.jpg'><img loading=\"lazy\" decoding=\"async\" width=\"300\" height=\"225\" src=\"https:\/\/www.acemabcn.org\/wp-content\/uploads\/2015\/11\/857-ALMENAR-17-3-2009-A_1-2-300x225.jpg\" class=\"attachment-medium size-medium\" alt=\"\" srcset=\"https:\/\/www.acemabcn.org\/wp-content\/uploads\/2015\/11\/857-ALMENAR-17-3-2009-A_1-2-300x225.jpg 300w, https:\/\/www.acemabcn.org\/wp-content\/uploads\/2015\/11\/857-ALMENAR-17-3-2009-A_1-2.jpg 1024w\" sizes=\"auto, (max-width: 300px) 100vw, 300px\" \/><\/a>\n\t\t\t<\/div><\/figure>\n\t\t<\/div>\n\n<h1>Tramvia 867<\/h1>\n<h1>Tramvia PCC 1631<\/h1>\n<p><div id='gallery-4' class='gallery galleryid-331 gallery-columns-3 gallery-size-medium'><figure class='gallery-item'>\n\t\t\t<div class='gallery-icon landscape'>\n\t\t\t\t<a href='https:\/\/www.acemabcn.org\/wp-content\/uploads\/2015\/11\/1631-16-05-2010-A_1-2.jpg'><img loading=\"lazy\" decoding=\"async\" width=\"300\" height=\"225\" src=\"https:\/\/www.acemabcn.org\/wp-content\/uploads\/2015\/11\/1631-16-05-2010-A_1-2-300x225.jpg\" class=\"attachment-medium size-medium\" alt=\"\" srcset=\"https:\/\/www.acemabcn.org\/wp-content\/uploads\/2015\/11\/1631-16-05-2010-A_1-2-300x225.jpg 300w, https:\/\/www.acemabcn.org\/wp-content\/uploads\/2015\/11\/1631-16-05-2010-A_1-2.jpg 1024w\" sizes=\"auto, (max-width: 300px) 100vw, 300px\" \/><\/a>\n\t\t\t<\/div><\/figure><figure class='gallery-item'>\n\t\t\t<div class='gallery-icon landscape'>\n\t\t\t\t<a href='https:\/\/www.acemabcn.org\/wp-content\/uploads\/2015\/11\/1631-19-10-2010-C_1-2.jpg'><img loading=\"lazy\" decoding=\"async\" width=\"300\" height=\"225\" src=\"https:\/\/www.acemabcn.org\/wp-content\/uploads\/2015\/11\/1631-19-10-2010-C_1-2-300x225.jpg\" class=\"attachment-medium size-medium\" alt=\"\" srcset=\"https:\/\/www.acemabcn.org\/wp-content\/uploads\/2015\/11\/1631-19-10-2010-C_1-2-300x225.jpg 300w, https:\/\/www.acemabcn.org\/wp-content\/uploads\/2015\/11\/1631-19-10-2010-C_1-2.jpg 1024w\" sizes=\"auto, (max-width: 300px) 100vw, 300px\" \/><\/a>\n\t\t\t<\/div><\/figure><figure class='gallery-item'>\n\t\t\t<div class='gallery-icon landscape'>\n\t\t\t\t<a href='https:\/\/www.acemabcn.org\/wp-content\/uploads\/2015\/11\/1631-27-01-2011-A_1-2.jpg'><img loading=\"lazy\" decoding=\"async\" width=\"300\" height=\"225\" src=\"https:\/\/www.acemabcn.org\/wp-content\/uploads\/2015\/11\/1631-27-01-2011-A_1-2-300x225.jpg\" class=\"attachment-medium size-medium\" alt=\"\" srcset=\"https:\/\/www.acemabcn.org\/wp-content\/uploads\/2015\/11\/1631-27-01-2011-A_1-2-300x225.jpg 300w, https:\/\/www.acemabcn.org\/wp-content\/uploads\/2015\/11\/1631-27-01-2011-A_1-2.jpg 1024w\" sizes=\"auto, (max-width: 300px) 100vw, 300px\" \/><\/a>\n\t\t\t<\/div><\/figure>\n\t\t<\/div>\n<\/p>","protected":false},"excerpt":{"rendered":"<p><span class=\"more-wrapper\"><a class=\"more-link button\" href=\"https:\/\/www.acemabcn.org\/ca\/associacio\/restauracions\/\">Seguir leyendo<\/a><\/span><\/p>\n","protected":false},"author":1,"featured_media":493,"parent":78,"menu_order":0,"comment_status":"closed","ping_status":"closed","template":"","meta":{"inline_featured_image":false,"_exactmetrics_skip_tracking":false,"_exactmetrics_sitenote_active":false,"_exactmetrics_sitenote_note":"","_exactmetrics_sitenote_category":0,"footnotes":""},"class_list":["post-331","page","type-page","status-publish","has-post-thumbnail","hentry"],"_links":{"self":[{"href":"https:\/\/www.acemabcn.org\/ca\/wp-json\/wp\/v2\/pages\/331","targetHints":{"allow":["GET"]}}],"collection":[{"href":"https:\/\/www.acemabcn.org\/ca\/wp-json\/wp\/v2\/pages"}],"about":[{"href":"https:\/\/www.acemabcn.org\/ca\/wp-json\/wp\/v2\/types\/page"}],"author":[{"embeddable":true,"href":"https:\/\/www.acemabcn.org\/ca\/wp-json\/wp\/v2\/users\/1"}],"replies":[{"embeddable":true,"href":"https:\/\/www.acemabcn.org\/ca\/wp-json\/wp\/v2\/comments?post=331"}],"version-history":[{"count":8,"href":"https:\/\/www.acemabcn.org\/ca\/wp-json\/wp\/v2\/pages\/331\/revisions"}],"predecessor-version":[{"id":783,"href":"https:\/\/www.acemabcn.org\/ca\/wp-json\/wp\/v2\/pages\/331\/revisions\/783"}],"up":[{"embeddable":true,"href":"https:\/\/www.acemabcn.org\/ca\/wp-json\/wp\/v2\/pages\/78"}],"wp:featuredmedia":[{"embeddable":true,"href":"https:\/\/www.acemabcn.org\/ca\/wp-json\/wp\/v2\/media\/493"}],"wp:attachment":[{"href":"https:\/\/www.acemabcn.org\/ca\/wp-json\/wp\/v2\/media?parent=331"}],"curies":[{"name":"wp","href":"https:\/\/api.w.org\/{rel}","templated":true}]}}