{"id":334,"date":"2015-11-08T17:25:18","date_gmt":"2015-11-08T17:25:18","guid":{"rendered":"http:\/\/www.acemabcn.org\/?page_id=334"},"modified":"2016-09-26T19:47:20","modified_gmt":"2016-09-26T19:47:20","slug":"voluntariat","status":"publish","type":"page","link":"https:\/\/www.acemabcn.org\/ca\/associacio\/voluntariat\/","title":{"rendered":"Voluntariat"},"content":{"rendered":"<p><\/p>\n<p style=\"text-align: justify;\">El voluntariat que ha dut a terme l&#8217;associaci\u00f3 ha estat clau en la celebraci\u00f3 dels events sobre transport p\u00fablic de gran categoria. La important participaci\u00f3 en l&#8217;edici\u00f3 del\u00a0<em>Centenari del Bus<\/em>, aix\u00ed com la pres\u00e8ncia d&#8217;ACEMA en totes les edicions del\u00a0<em>Ral\u00b7li d&#8217;Autobusos Cl\u00e0ssics<\/em> demostren el sentiment de pertinen\u00e7a dels socis a l&#8217;associaci\u00f3.<\/p>\n<h1>Centenari del Bus<\/h1>\n<p style=\"text-align: justify;\">Es va celebrar el cap de setmana del 16-17 de setembre del 2006, al barri de la Barceloneta. Va comptar amb una gran col\u00b7lecci\u00f3 d&#8217;autobusos que van presidir l&#8217;acte. ACEMA, ARCA i TMB van ser els organitzadors.<\/p>\n<p style=\"text-align: justify;\">ACEMA va participar des del primer moment en el trasllat dels autobusos de TMB des de la cotxera fins a la Barceloneta, participant vehicles de tots els CON de TMB. El treball va seguir amb la cust\u00f2dia dels vehicles durant tot el cap de setmana.<\/p>\n<p style=\"text-align: justify;\">A l&#8217;exposici\u00f3, TMB va mostrar els busos m\u00e9s cl\u00e0ssics i els m\u00e9s moderns. Entre els m\u00e9s moderns, hi havia un Mercedes-Benz Citaro d&#8217;hidrogen, i un Irisbus CityClass GNC.<\/p>\n<p style=\"text-align: justify;\">Aquesta exposici\u00f3 no nom\u00e9s va comptar amb la pres\u00e8ncia dels vehicls. ACEMA va aportar tots els documents i la informaci\u00f3 necess\u00e0ria per poder elaborar els r\u00e8tols informatius que es van editar per a l&#8217;ocasi\u00f3.<\/p>\n<p style=\"text-align: justify;\">L&#8217;acte tamb\u00e9 inclo\u00efa una circulaci\u00f3 hist\u00f2rica per Barcelona. Una cavalcada de vehicles va circular pels c\u00e8ntrics carrers de la ciutat comtal el dissabte a la tarda. L&#8217;alcalde de la ciutat en aquella \u00e8poca, l&#8217;Excl. Sr. Jordi Hereu, va visitar l&#8217;exposici\u00f3, i va participar com a viatger a la desfilada.<\/p>\n<p style=\"text-align: justify;\">ARCA va voler que aquesta activitat serv\u00eds de referent per a futures mobilitzacions d&#8217;autobusos cl\u00e0ssics i, a trav\u00e9s del seu web, va dedicar un apartat annex.<\/p>\n<p style=\"text-align: justify;\">ACEMA va realitzar, posteriorment, una exposici\u00f3 fotogr\u00e0fica a les instal\u00b7lacions del CON de Ponent i a la Galeria Foronda (X exposici\u00f3)<\/p>\n<h1>Ral\u00b7lis d&#8217;Autobusos Cl\u00e0ssics Barcelona-Caldes<\/h1>\n<p style=\"text-align: justify;\">Anualment, TMB i la seva fundaci\u00f3, l&#8217;Empresa Sagal\u00e9s i l&#8217;associaci\u00f3 ARCA realitzen el\u00a0<em>Ral\u00b7li d&#8217;Autobusos Cl\u00e0ssics<\/em>, un event on els autobusos cl\u00e0ssics s\u00f3n els protagonistes. Es realitza en un cap de setmana; el dissabte \u00e9s el dia d&#8217;exposici\u00f3 est\u00e0tica dels vehicles a la pla\u00e7a Espanya de Barcelona, i el diumenge es fa un viatge amb els autobusos des d&#8217;aquesta pla\u00e7a fins al casc antic de la poblaci\u00f3 de Caldes de Montbui.<\/p>\n<p><a href=\"http:\/\/www.acemabcn.org\/wp-content\/uploads\/2015\/11\/DSC09205.jpg\"><img loading=\"lazy\" decoding=\"async\" class=\"wp-image-510 alignright\" src=\"http:\/\/www.acemabcn.org\/wp-content\/uploads\/2015\/11\/DSC09205-300x225.jpg\" alt=\"SONY DSC\" width=\"337\" height=\"253\" srcset=\"https:\/\/www.acemabcn.org\/wp-content\/uploads\/2015\/11\/DSC09205-300x225.jpg 300w, https:\/\/www.acemabcn.org\/wp-content\/uploads\/2015\/11\/DSC09205.jpg 1024w\" sizes=\"auto, (max-width: 337px) 100vw, 337px\" \/><\/a><\/p>\n<p style=\"text-align: justify;\">ACEMA participa activament en aquest event, amb socis que fan tasques de voluntariat. ACEMA ha col\u00b7laborat any rere any al Ral\u00b7li, donant suport t\u00e8cnic, documental i hist\u00f2ric a la restauraci\u00f3 de part dels vehicles que intervenen.<\/p>\n<p style=\"text-align: justify;\">El Ral\u00b7li neix amb l&#8217;objectiu de voler ser internacional, i ha comptat en les seves edicions amb la pres\u00e8ncia de vehicles de la RATP de Par\u00eds, o de la ciutat de Grenoble. A m\u00e9s, any rere any s&#8217;intenten exposar novetats.<\/p>\n<p style=\"text-align: justify;\">El Ral\u00b7li \u00e9s ja una cita anual obligada per a tots aquells qui volen gaudir dels autobusos i del patrimoni hist\u00f2ric. Els ciutadans brinden amb la seva pres\u00e8ncia un merescut reconeixement a aquests busos que han estat tants anys integrats al paisatge urb\u00e0, fent servei. Autobusos que han unit barris, persones, i que ara s&#8217;exposen i fan un viatge molt especial.<\/p>\n<h1>Participaci\u00f3 al <em>TMB Educa<\/em><\/h1>\n<p style=\"text-align: justify;\">El projecte\u00a0<em>TMB Educa<\/em>\u00a0\u00e9s un projecte educatiu de TMB que es centra en obrir les portes de les seves instal\u00b7lacions a escoles, a m\u00e9s de promoure els valors socials, culturals i mediambientals del transport p\u00fablics.<\/p>\n<p style=\"text-align: justify;\">ACEMA va ajudar amb la posada en marxa de la presentaci\u00f3 que es realitza als m\u00e9s petits al &#8220;Metro Hist\u00f2ric&#8221; a les instal\u00b7lacions de Triangle.<\/p>\n<p style=\"text-align: justify;\">L&#8217;associaci\u00f3 va facilita una petita hist\u00f2ria sobre com va comen\u00e7ar el transport p\u00fablic a Barcelona, a trav\u00e9s d&#8217;un gui\u00f3 i de fotografies d&#8217;autobusos, tramvies, metro i troleibusos. Amb tot aquest material i, junt amb l&#8217;empresa, es va elaborar una presentaci\u00f3 digital per a les escoles que realitzaven la visita. Membres de la Junta d&#8217;ACEMA van conduir la introducci\u00f3 de la visita inaugural.<\/p>\n<p><\/p>","protected":false},"excerpt":{"rendered":"<p><span class=\"more-wrapper\"><a class=\"more-link button\" href=\"https:\/\/www.acemabcn.org\/ca\/associacio\/voluntariat\/\">Seguir leyendo<\/a><\/span><\/p>\n","protected":false},"author":1,"featured_media":510,"parent":78,"menu_order":0,"comment_status":"closed","ping_status":"closed","template":"","meta":{"inline_featured_image":false,"_exactmetrics_skip_tracking":false,"_exactmetrics_sitenote_active":false,"_exactmetrics_sitenote_note":"","_exactmetrics_sitenote_category":0,"footnotes":""},"class_list":["post-334","page","type-page","status-publish","has-post-thumbnail","hentry"],"_links":{"self":[{"href":"https:\/\/www.acemabcn.org\/ca\/wp-json\/wp\/v2\/pages\/334","targetHints":{"allow":["GET"]}}],"collection":[{"href":"https:\/\/www.acemabcn.org\/ca\/wp-json\/wp\/v2\/pages"}],"about":[{"href":"https:\/\/www.acemabcn.org\/ca\/wp-json\/wp\/v2\/types\/page"}],"author":[{"embeddable":true,"href":"https:\/\/www.acemabcn.org\/ca\/wp-json\/wp\/v2\/users\/1"}],"replies":[{"embeddable":true,"href":"https:\/\/www.acemabcn.org\/ca\/wp-json\/wp\/v2\/comments?post=334"}],"version-history":[{"count":18,"href":"https:\/\/www.acemabcn.org\/ca\/wp-json\/wp\/v2\/pages\/334\/revisions"}],"predecessor-version":[{"id":1085,"href":"https:\/\/www.acemabcn.org\/ca\/wp-json\/wp\/v2\/pages\/334\/revisions\/1085"}],"up":[{"embeddable":true,"href":"https:\/\/www.acemabcn.org\/ca\/wp-json\/wp\/v2\/pages\/78"}],"wp:featuredmedia":[{"embeddable":true,"href":"https:\/\/www.acemabcn.org\/ca\/wp-json\/wp\/v2\/media\/510"}],"wp:attachment":[{"href":"https:\/\/www.acemabcn.org\/ca\/wp-json\/wp\/v2\/media?parent=334"}],"curies":[{"name":"wp","href":"https:\/\/api.w.org\/{rel}","templated":true}]}}