{"id":337,"date":"2015-11-08T17:31:32","date_gmt":"2015-11-08T17:31:32","guid":{"rendered":"http:\/\/www.acemabcn.org\/?page_id=337"},"modified":"2015-11-12T18:50:46","modified_gmt":"2015-11-12T18:50:46","slug":"merchandising","status":"publish","type":"page","link":"https:\/\/www.acemabcn.org\/ca\/merchandising\/","title":{"rendered":"Merchandising"},"content":{"rendered":"<p>El col\u00b7leccionisme de miniatures durant aquests 15 anys ha estat present dintre de l&#8217;Associaci\u00f3; per aix\u00f2, com a part dels events pensats per a realitzar durant aquest any de celebracions, s&#8217;ha decidit confeccionar una miniatura d&#8217;un autob\u00fas amb un disseny realitzat pels socis. \u00c9s una edici\u00f3 limitada i \u00fanica. Concretament, s&#8217;ha editat un Mercedes-Benz O530 Citaro a escala 1:87 del fabricant Rietze Automodelle.<\/p>\n<div id='gallery-1' class='gallery galleryid-337 gallery-columns-2 gallery-size-large'><figure class='gallery-item'>\n\t\t\t<div class='gallery-icon landscape'>\n\t\t\t\t<img loading=\"lazy\" decoding=\"async\" width=\"821\" height=\"546\" src=\"https:\/\/www.acemabcn.org\/wp-content\/uploads\/2015\/08\/DSC_0651-1024x681.jpg\" class=\"attachment-large size-large\" alt=\"\" srcset=\"https:\/\/www.acemabcn.org\/wp-content\/uploads\/2015\/08\/DSC_0651-1024x681.jpg 1024w, https:\/\/www.acemabcn.org\/wp-content\/uploads\/2015\/08\/DSC_0651-300x200.jpg 300w, https:\/\/www.acemabcn.org\/wp-content\/uploads\/2015\/08\/DSC_0651-272x182.jpg 272w, https:\/\/www.acemabcn.org\/wp-content\/uploads\/2015\/08\/DSC_0651.jpg 1600w\" sizes=\"auto, (max-width: 821px) 100vw, 821px\" \/>\n\t\t\t<\/div><\/figure><figure class='gallery-item'>\n\t\t\t<div class='gallery-icon landscape'>\n\t\t\t\t<img loading=\"lazy\" decoding=\"async\" width=\"821\" height=\"546\" src=\"https:\/\/www.acemabcn.org\/wp-content\/uploads\/2015\/08\/DSC_0649-1024x681.jpg\" class=\"attachment-large size-large\" alt=\"\" srcset=\"https:\/\/www.acemabcn.org\/wp-content\/uploads\/2015\/08\/DSC_0649-1024x681.jpg 1024w, https:\/\/www.acemabcn.org\/wp-content\/uploads\/2015\/08\/DSC_0649-300x200.jpg 300w, https:\/\/www.acemabcn.org\/wp-content\/uploads\/2015\/08\/DSC_0649-272x182.jpg 272w, https:\/\/www.acemabcn.org\/wp-content\/uploads\/2015\/08\/DSC_0649.jpg 1600w\" sizes=\"auto, (max-width: 821px) 100vw, 821px\" \/>\n\t\t\t<\/div><\/figure>\n\t\t<\/div>\n\n<p>Si esteu interessats en adquirir una miniatura d&#8217;aquesta edici\u00f3 especial, el preu per unitat \u00e9s de\u00a0<strong>22 euros<\/strong>. L&#8217;opci\u00f3 d&#8217;entrega pot ser de dues maneres:<\/p>\n<ul>\n<li>Enviament per correu certificat a la Pen\u00ednsula amb un cost addicional de 10 \u20ac (pagament abans de l&#8217;enviament).<\/li>\n<li>Recollida al local d&#8217;ACEMA a les instal\u00b7lacions de Gaud\u00ed (sense cost addicional, pagament al local).<\/li>\n<\/ul>\n<p>Per a sol\u00b7licitar-lo, heu d&#8217;enviar un correu electr\u00f2nic a <a href=\"mailto:info@acemabcn.org\">info@acemabcn.org<\/a> i indicar quina opci\u00f3 d&#8217;entrega \u00e9s la desitjada, aix\u00ed com les unitats que desitgeu adquirir.<\/p>\n<p>&nbsp;<\/p>","protected":false},"excerpt":{"rendered":"<p><span class=\"more-wrapper\"><a class=\"more-link button\" href=\"https:\/\/www.acemabcn.org\/ca\/merchandising\/\">Seguir leyendo<\/a><\/span><\/p>\n","protected":false},"author":1,"featured_media":0,"parent":0,"menu_order":0,"comment_status":"closed","ping_status":"closed","template":"","meta":{"inline_featured_image":false,"_exactmetrics_skip_tracking":false,"_exactmetrics_sitenote_active":false,"_exactmetrics_sitenote_note":"","_exactmetrics_sitenote_category":0,"footnotes":""},"class_list":["post-337","page","type-page","status-publish","hentry"],"_links":{"self":[{"href":"https:\/\/www.acemabcn.org\/ca\/wp-json\/wp\/v2\/pages\/337","targetHints":{"allow":["GET"]}}],"collection":[{"href":"https:\/\/www.acemabcn.org\/ca\/wp-json\/wp\/v2\/pages"}],"about":[{"href":"https:\/\/www.acemabcn.org\/ca\/wp-json\/wp\/v2\/types\/page"}],"author":[{"embeddable":true,"href":"https:\/\/www.acemabcn.org\/ca\/wp-json\/wp\/v2\/users\/1"}],"replies":[{"embeddable":true,"href":"https:\/\/www.acemabcn.org\/ca\/wp-json\/wp\/v2\/comments?post=337"}],"version-history":[{"count":2,"href":"https:\/\/www.acemabcn.org\/ca\/wp-json\/wp\/v2\/pages\/337\/revisions"}],"predecessor-version":[{"id":428,"href":"https:\/\/www.acemabcn.org\/ca\/wp-json\/wp\/v2\/pages\/337\/revisions\/428"}],"wp:attachment":[{"href":"https:\/\/www.acemabcn.org\/ca\/wp-json\/wp\/v2\/media?parent=337"}],"curies":[{"name":"wp","href":"https:\/\/api.w.org\/{rel}","templated":true}]}}