{"id":78,"date":"2015-08-15T19:25:48","date_gmt":"2015-08-15T19:25:48","guid":{"rendered":"http:\/\/www.acemabcn.org\/?page_id=78"},"modified":"2016-09-22T12:36:14","modified_gmt":"2016-09-22T12:36:14","slug":"associacio","status":"publish","type":"page","link":"https:\/\/www.acemabcn.org\/ca\/associacio\/","title":{"rendered":"Qui som?"},"content":{"rendered":"<p><a href=\"http:\/\/www.acemabcn.org\/wp-content\/uploads\/2015\/08\/termo.png\" rel=\"attachment wp-att-1125\"><img loading=\"lazy\" decoding=\"async\" class=\"alignleft size-large wp-image-1125\" src=\"http:\/\/www.acemabcn.org\/wp-content\/uploads\/2015\/08\/termo-269x1024.png\" alt=\"termo\" width=\"269\" height=\"1024\" srcset=\"https:\/\/www.acemabcn.org\/wp-content\/uploads\/2015\/08\/termo-269x1024.png 269w, https:\/\/www.acemabcn.org\/wp-content\/uploads\/2015\/08\/termo-79x300.png 79w, https:\/\/www.acemabcn.org\/wp-content\/uploads\/2015\/08\/termo.png 354w\" sizes=\"auto, (max-width: 269px) 100vw, 269px\" \/><\/a>El 3 de maig del 2000 un grup de persones consolidaran en Associaci\u00f3 seves idees i inquietuds comunes, la majoria empleats d&#8217;Autobusos i Metro de Barcelona, \u200b\u200ba m\u00e9s de companys que no treballaven en la &#8220;Companyia&#8221;. Tots units per una mateixa afici\u00f3: el col\u00b7leccionisme, en diferents \u00e0mbits i facetes, la majoria relacionats amb el m\u00f3n del transport. Tots ells van convertir en realitat el projecte ACEMA.<\/p>\n<p>Durant tot aquest temps han passat per l&#8217;Associaci\u00f3 moltes persones, com en tot ens viu, ACEMA, ha viscut diferents etapes on companys\/es que ens van visitar es van quedar, altres nom\u00e9s van conviure amb nosaltres un temps i van marxar, persones que ens van aportar coneixements, an\u00e8cdotes, experi\u00e8ncies i moltes hores de la seva feina personal dedicat al grup, altres persones que lamentablement, per llei de vida, van deixar d&#8217;il\u00b7luminar amb la seva pres\u00e8ncia la nostra Associaci\u00f3 al marxar per sempre. Vagi per a tots ells\/es el nostre reconeixement ja que sense la seva pres\u00e8ncia i ajuda no hagu\u00e9ssim arribat tan lluny.<\/p>\n<p>Hem recorregut cam\u00ed junts, realitzant innombrables exposicions, treballs de col\u00b7laboraci\u00f3 amb qui ens ho ha sol\u00b7licitat, visites tant a TMB com a l&#8217;exterior, creant vincles i relacions institucionals amb operadors i fabricants del sector, per\u00f2 el millor est\u00e0 per arribar ja aquesta nova senda ens dirigim un gran grup de persones que, afortunadament, abasten un ventall d&#8217;edats compreses entre els 15 i els 80 anys, joventut i experi\u00e8ncia units per una mateixa afici\u00f3: el m\u00f3n del Transport i tot el relacionat amb Metro i Autobusos de Barcelona, \u200b\u200bTMB.<\/p>","protected":false},"excerpt":{"rendered":"<p><span class=\"more-wrapper\"><a class=\"more-link button\" href=\"https:\/\/www.acemabcn.org\/ca\/associacio\/\">Seguir leyendo<\/a><\/span><\/p>\n","protected":false},"author":1,"featured_media":2131,"parent":0,"menu_order":0,"comment_status":"closed","ping_status":"closed","template":"","meta":{"inline_featured_image":false,"_exactmetrics_skip_tracking":false,"_exactmetrics_sitenote_active":false,"_exactmetrics_sitenote_note":"","_exactmetrics_sitenote_category":0,"footnotes":""},"class_list":["post-78","page","type-page","status-publish","has-post-thumbnail","hentry"],"_links":{"self":[{"href":"https:\/\/www.acemabcn.org\/ca\/wp-json\/wp\/v2\/pages\/78","targetHints":{"allow":["GET"]}}],"collection":[{"href":"https:\/\/www.acemabcn.org\/ca\/wp-json\/wp\/v2\/pages"}],"about":[{"href":"https:\/\/www.acemabcn.org\/ca\/wp-json\/wp\/v2\/types\/page"}],"author":[{"embeddable":true,"href":"https:\/\/www.acemabcn.org\/ca\/wp-json\/wp\/v2\/users\/1"}],"replies":[{"embeddable":true,"href":"https:\/\/www.acemabcn.org\/ca\/wp-json\/wp\/v2\/comments?post=78"}],"version-history":[{"count":26,"href":"https:\/\/www.acemabcn.org\/ca\/wp-json\/wp\/v2\/pages\/78\/revisions"}],"predecessor-version":[{"id":1128,"href":"https:\/\/www.acemabcn.org\/ca\/wp-json\/wp\/v2\/pages\/78\/revisions\/1128"}],"wp:featuredmedia":[{"embeddable":true,"href":"https:\/\/www.acemabcn.org\/ca\/wp-json\/wp\/v2\/media\/2131"}],"wp:attachment":[{"href":"https:\/\/www.acemabcn.org\/ca\/wp-json\/wp\/v2\/media?parent=78"}],"curies":[{"name":"wp","href":"https:\/\/api.w.org\/{rel}","templated":true}]}}