{"id":1041,"date":"2015-12-13T17:20:53","date_gmt":"2015-12-13T17:20:53","guid":{"rendered":"http:\/\/www.acemabcn.org\/?page_id=1041"},"modified":"2015-12-13T18:10:06","modified_gmt":"2015-12-13T18:10:06","slug":"sortida-tramvia-blau","status":"publish","type":"page","link":"https:\/\/www.acemabcn.org\/es\/associacio\/sortides\/sortida-tramvia-blau\/","title":{"rendered":"Salida Tranv\u00eda Azul"},"content":{"rendered":"<p><a href=\"http:\/\/www.acemabcn.org\/wp-content\/uploads\/2015\/11\/DSC01485.jpg\"><img loading=\"lazy\" decoding=\"async\" class=\"alignright wp-image-1040 size-medium\" src=\"http:\/\/www.acemabcn.org\/wp-content\/uploads\/2015\/11\/DSC01485-300x225.jpg\" alt=\"\" width=\"300\" height=\"225\" srcset=\"https:\/\/www.acemabcn.org\/wp-content\/uploads\/2015\/11\/DSC01485-300x225.jpg 300w, https:\/\/www.acemabcn.org\/wp-content\/uploads\/2015\/11\/DSC01485.jpg 1024w\" sizes=\"auto, (max-width: 300px) 100vw, 300px\" \/><\/a><\/p>\n<p><a href=\"http:\/\/www.acemabcn.org\/wp-content\/uploads\/2015\/12\/DSC01460.jpg\" rel=\"attachment wp-att-1042\"><img loading=\"lazy\" decoding=\"async\" class=\"size-medium wp-image-1042 alignright\" src=\"http:\/\/www.acemabcn.org\/wp-content\/uploads\/2015\/12\/DSC01460-300x225.jpg\" alt=\"\" width=\"300\" height=\"225\" srcset=\"https:\/\/www.acemabcn.org\/wp-content\/uploads\/2015\/12\/DSC01460-300x225.jpg 300w, https:\/\/www.acemabcn.org\/wp-content\/uploads\/2015\/12\/DSC01460.jpg 1024w\" sizes=\"auto, (max-width: 300px) 100vw, 300px\" \/><\/a><\/p>\n<p>En febrero de 2013, ACEMA visit\u00f3 las instalaciones del Tranv\u00eda Azul, situadas junto a la ronda de Dalt. En las cocheras est\u00e1n todos los tranv\u00edas de la l\u00ednea, que conecta la plaza Kennedy con el funicular del Tibidabo.<\/p>\n<p>El personal del Tramvia Blau cont\u00f3 la historia de este particular servicio, as\u00ed como las diversas tecnolog\u00edas aplicadas a los tranv\u00edas, que se han ido modernizando para cumplir con las exigencias de la industria y para cumplir unas normativas m\u00ednimas de seguridad.<\/p>\n<p>Entre los tranv\u00edas estaba la Jardinera, el m\u00e1s antiguo de todos, as\u00ed como los tres tranv\u00edas que circulan actualmente en la l\u00ednea.<\/p>","protected":false},"excerpt":{"rendered":"<p><span class=\"more-wrapper\"><a class=\"more-link button\" href=\"https:\/\/www.acemabcn.org\/es\/associacio\/sortides\/sortida-tramvia-blau\/\">Seguir leyendo<\/a><\/span><\/p>\n","protected":false},"author":1,"featured_media":0,"parent":328,"menu_order":0,"comment_status":"closed","ping_status":"closed","template":"","meta":{"inline_featured_image":false,"_exactmetrics_skip_tracking":false,"_exactmetrics_sitenote_active":false,"_exactmetrics_sitenote_note":"","_exactmetrics_sitenote_category":0,"footnotes":""},"class_list":["post-1041","page","type-page","status-publish","hentry"],"_links":{"self":[{"href":"https:\/\/www.acemabcn.org\/es\/wp-json\/wp\/v2\/pages\/1041","targetHints":{"allow":["GET"]}}],"collection":[{"href":"https:\/\/www.acemabcn.org\/es\/wp-json\/wp\/v2\/pages"}],"about":[{"href":"https:\/\/www.acemabcn.org\/es\/wp-json\/wp\/v2\/types\/page"}],"author":[{"embeddable":true,"href":"https:\/\/www.acemabcn.org\/es\/wp-json\/wp\/v2\/users\/1"}],"replies":[{"embeddable":true,"href":"https:\/\/www.acemabcn.org\/es\/wp-json\/wp\/v2\/comments?post=1041"}],"version-history":[{"count":7,"href":"https:\/\/www.acemabcn.org\/es\/wp-json\/wp\/v2\/pages\/1041\/revisions"}],"predecessor-version":[{"id":1070,"href":"https:\/\/www.acemabcn.org\/es\/wp-json\/wp\/v2\/pages\/1041\/revisions\/1070"}],"up":[{"embeddable":true,"href":"https:\/\/www.acemabcn.org\/es\/wp-json\/wp\/v2\/pages\/328"}],"wp:attachment":[{"href":"https:\/\/www.acemabcn.org\/es\/wp-json\/wp\/v2\/media?parent=1041"}],"curies":[{"name":"wp","href":"https:\/\/api.w.org\/{rel}","templated":true}]}}