{"id":31,"date":"2015-08-10T18:14:26","date_gmt":"2015-08-10T18:14:26","guid":{"rendered":"http:\/\/www.acemabcn.org\/?page_id=31"},"modified":"2017-03-15T17:39:58","modified_gmt":"2017-03-15T17:39:58","slug":"home-page","status":"publish","type":"page","link":"https:\/\/www.acemabcn.org\/es\/","title":{"rendered":"Inicio"},"content":{"rendered":"<div id=\"pl-31\"  class=\"panel-layout\" ><div id=\"pg-31-0\"  class=\"panel-grid panel-has-style\" ><div class=\"presentacio-acema siteorigin-panels-stretch panel-row-style panel-row-style-for-31-0\" data-stretch-type=\"full\" ><div id=\"pgc-31-0-0\"  class=\"panel-grid-cell\" ><div id=\"panel-31-0-0-0\" class=\"so-panel widget widget_text panel-first-child panel-last-child\" data-index=\"0\" ><div class=\"text-presentacio-acema panel-widget-style panel-widget-style-for-31-0-0-0\" >\t\t\t<div class=\"textwidget\">ACEMA es una asociaci\u00f3n formada por personas unidas por una misma afici\u00f3n: el coleccionismo, en diferentes \u00e1mbitos y facetas, la mayor\u00eda relacionadas con el mundo de los transportes.\n\n\n<a href=\"\/es\/associacio\/\" title=\"Acerca de nosotros...\" alt=\"Acerca de nosotros...\">\n\n<div style=\"border-radius: 1em; color: rgb(231, 56, 39); background-color: white; opacity: 0.75; max-width: 300px; margin: 0 auto; margin-top: 1em;\">\n<strong>Acerca de nosotros...<\/strong>\n\n<\/div>\n<\/a><\/div>\n\t\t<\/div><\/div><\/div><\/div><\/div><div id=\"pg-31-1\"  class=\"panel-grid panel-no-style\" ><div id=\"pgc-31-1-0\"  class=\"panel-grid-cell\" ><div id=\"panel-31-1-0-0\" class=\"so-panel widget widget_text panel-first-child panel-last-child\" data-index=\"1\" ><div class=\"panel-widget-style panel-widget-style-for-31-1-0-0\" >\t\t\t<div class=\"textwidget\"><a href=\"\/fons-documental\" title=\"Fondo documental\" alt=\"Fondo documental\"><div style=\"position: relative; background:url(https:\/\/www.acemabcn.org\/wp-content\/uploads\/2015\/08\/fons-documental.png) no-repeat center; background-size:cover; height: 250px;\"><div class=\"boto-portada\"><h1>Fondo documental<\/h1><\/div><\/div><\/a><\/div>\n\t\t<\/div><\/div><\/div><div id=\"pgc-31-1-1\"  class=\"panel-grid-cell\" ><div id=\"panel-31-1-1-0\" class=\"so-panel widget widget_text panel-first-child panel-last-child\" data-index=\"2\" ><div class=\"panel-widget-style panel-widget-style-for-31-1-1-0\" >\t\t\t<div class=\"textwidget\"><a href=\"\/publicacions\" title=\"Publicaciones\" alt=\"Publicaciones\"><div style=\"position: relative; background:url(https:\/\/www.acemabcn.org\/wp-content\/uploads\/2015\/08\/publicacions.png) no-repeat center; background-size:cover; height: 250px;\"><div class=\"boto-portada\"><h1>Publicaciones<\/h1><\/div><\/div><\/a><\/div>\n\t\t<\/div><\/div><\/div><div id=\"pgc-31-1-2\"  class=\"panel-grid-cell\" ><div id=\"panel-31-1-2-0\" class=\"so-panel widget widget_text panel-first-child panel-last-child\" data-index=\"3\" ><div class=\"panel-widget-style panel-widget-style-for-31-1-2-0\" >\t\t\t<div class=\"textwidget\"><a href=\"\/flota-tb\" title=\"Flota\" alt=\"Flota\"><div style=\"position: relative; background:url(https:\/\/www.acemabcn.org\/wp-content\/uploads\/2015\/08\/flota.png) no-repeat center; background-size:cover; height: 250px;\"><div class=\"boto-portada\"><h1>Flota<\/h1><\/div><\/div><\/a><\/div>\n\t\t<\/div><\/div><\/div><\/div><div id=\"pg-31-2\"  class=\"panel-grid panel-no-style\" ><div id=\"pgc-31-2-0\"  class=\"panel-grid-cell\" ><div id=\"panel-31-2-0-0\" class=\"so-panel widget widget_text panel-first-child panel-last-child\" data-index=\"4\" ><div class=\"panel-widget-style panel-widget-style-for-31-2-0-0\" >\t\t\t<div class=\"textwidget\"><a href=\"\/merchandising\" title=\"Merchandising\" alt=\"Merchandising\"><div style=\"position: relative; background:url(https:\/\/www.acemabcn.org\/wp-content\/uploads\/2015\/08\/merchandising.png) no-repeat center; background-size:cover; height: 250px;\"><div class=\"boto-portada\"><h1>Merchandising<\/h1><\/div><\/div><\/a><\/div>\n\t\t<\/div><\/div><\/div><div id=\"pgc-31-2-1\"  class=\"panel-grid-cell\" ><div id=\"panel-31-2-1-0\" class=\"so-panel widget widget_text panel-first-child panel-last-child\" data-index=\"5\" ><div class=\"panel-widget-style panel-widget-style-for-31-2-1-0\" >\t\t\t<div class=\"textwidget\"><a href=\"\/noticies\" title=\"Noticias\" alt=\"Noticias\"><div style=\"position: relative; background:url(https:\/\/www.acemabcn.org\/wp-content\/uploads\/2015\/08\/noticies.png) no-repeat center; background-size:cover; height: 250px;\"><div class=\"boto-portada\"><h1>Noticias<\/h1><\/div><\/div><\/a><\/div>\n\t\t<\/div><\/div><\/div><div id=\"pgc-31-2-2\"  class=\"panel-grid-cell\" ><div id=\"panel-31-2-2-0\" class=\"so-panel widget widget_text panel-first-child panel-last-child\" data-index=\"6\" ><div class=\"panel-widget-style panel-widget-style-for-31-2-2-0\" >\t\t\t<div class=\"textwidget\"><a href=\"\/associacio\/media\" title=\"ACEMA en los medios\" alt=\"ACEMA en los medios\"><div style=\"position: relative; background:url(https:\/\/www.acemabcn.org\/wp-content\/uploads\/2015\/08\/acema-als-mitjans.png) no-repeat center; background-size:cover; height: 250px;\"><div class=\"boto-portada\"><h1>ACEMA en los medios<\/h1><\/div><\/div><\/a><\/div>\n\t\t<\/div><\/div><\/div><\/div><div id=\"pg-31-3\"  class=\"panel-grid panel-has-style\" ><div class=\"panel-row-style panel-row-style-for-31-3\" ><div id=\"pgc-31-3-0\"  class=\"panel-grid-cell\" ><div id=\"panel-31-3-0-0\" class=\"so-panel widget widget_sow-editor panel-first-child panel-last-child\" data-index=\"7\" ><div class=\"panel-widget-style panel-widget-style-for-31-3-0-0\" ><div\n\t\t\t\n\t\t\tclass=\"so-widget-sow-editor so-widget-sow-editor-base\"\n\t\t\t\n\t\t><h3 class=\"widget-title\">V\u00eddeos<\/h3>\n<div class=\"siteorigin-widget-tinymce textwidget\">\n\t<p><iframe loading=\"lazy\" width=\"821\" height=\"462\" src=\"https:\/\/www.youtube.com\/embed\/videoseries?list=UUv-hhJdTQwjtAyBCihdGF6w\" frameborder=\"0\" allowfullscreen><\/iframe><\/p>\n<\/div>\n<\/div><\/div><\/div><\/div><div id=\"pgc-31-3-1\"  class=\"panel-grid-cell\" ><div id=\"panel-31-3-1-0\" class=\"so-panel widget widget_text panel-first-child panel-last-child\" data-index=\"8\" ><h3 class=\"widget-title\">Fotos<\/h3>\t\t\t<div class=\"textwidget\"><iframe src=\"http:\/\/www.flickr.com\/photos\/113188938@N08\/player\/\" width=\"100%\" frameborder=\"0\" allowfullscreen webkitallowfullscreen mozallowfullscreen oallowfullscreen msallowfullscreen><\/iframe><\/div>\n\t\t<\/div><\/div><\/div><\/div><div id=\"pg-31-4\"  class=\"panel-grid panel-has-style\" ><div class=\"siteorigin-panels-stretch panel-row-style panel-row-style-for-31-4\" data-stretch-type=\"full-stretched\" ><div id=\"pgc-31-4-0\"  class=\"panel-grid-cell\" ><div id=\"panel-31-4-0-0\" class=\"so-panel widget widget_sow-image panel-first-child panel-last-child\" data-index=\"9\" ><div\n\t\t\t\n\t\t\tclass=\"so-widget-sow-image so-widget-sow-image-default-a258e6bfa2d8-31\"\n\t\t\t\n\t\t>\n<div class=\"sow-image-container\">\n\t\t<img \n\tsrc=\"https:\/\/www.acemabcn.org\/wp-content\/uploads\/2015\/08\/retallada-copia-c\u00f2pia.jpg\" width=\"2000\" height=\"1304\" srcset=\"https:\/\/www.acemabcn.org\/wp-content\/uploads\/2015\/08\/retallada-copia-c\u00f2pia.jpg 2000w, https:\/\/www.acemabcn.org\/wp-content\/uploads\/2015\/08\/retallada-copia-c\u00f2pia-300x196.jpg 300w, https:\/\/www.acemabcn.org\/wp-content\/uploads\/2015\/08\/retallada-copia-c\u00f2pia-1024x668.jpg 1024w\" sizes=\"(max-width: 2000px) 100vw, 2000px\" title=\"retallada &#8211; copia &#8211; c\u00f2pia\" alt=\"\" \t\tclass=\"so-widget-image\"\/>\n\t<\/div>\n\n<\/div><\/div><\/div><\/div><\/div><\/div>","protected":false},"excerpt":{"rendered":"<p><span class=\"more-wrapper\"><a class=\"more-link button\" href=\"https:\/\/www.acemabcn.org\/es\/\">Seguir leyendo<\/a><\/span><\/p>\n","protected":false},"author":1,"featured_media":0,"parent":0,"menu_order":0,"comment_status":"closed","ping_status":"closed","template":"home-panels.php","meta":{"inline_featured_image":false,"_exactmetrics_skip_tracking":false,"_exactmetrics_sitenote_active":false,"_exactmetrics_sitenote_note":"","_exactmetrics_sitenote_category":0,"footnotes":""},"class_list":["post-31","page","type-page","status-publish","hentry"],"_links":{"self":[{"href":"https:\/\/www.acemabcn.org\/es\/wp-json\/wp\/v2\/pages\/31","targetHints":{"allow":["GET"]}}],"collection":[{"href":"https:\/\/www.acemabcn.org\/es\/wp-json\/wp\/v2\/pages"}],"about":[{"href":"https:\/\/www.acemabcn.org\/es\/wp-json\/wp\/v2\/types\/page"}],"author":[{"embeddable":true,"href":"https:\/\/www.acemabcn.org\/es\/wp-json\/wp\/v2\/users\/1"}],"replies":[{"embeddable":true,"href":"https:\/\/www.acemabcn.org\/es\/wp-json\/wp\/v2\/comments?post=31"}],"version-history":[{"count":269,"href":"https:\/\/www.acemabcn.org\/es\/wp-json\/wp\/v2\/pages\/31\/revisions"}],"predecessor-version":[{"id":2661,"href":"https:\/\/www.acemabcn.org\/es\/wp-json\/wp\/v2\/pages\/31\/revisions\/2661"}],"wp:attachment":[{"href":"https:\/\/www.acemabcn.org\/es\/wp-json\/wp\/v2\/media?parent=31"}],"curies":[{"name":"wp","href":"https:\/\/api.w.org\/{rel}","templated":true}]}}