{"id":311,"date":"2015-11-08T16:58:30","date_gmt":"2015-11-08T16:58:30","guid":{"rendered":"http:\/\/www.acemabcn.org\/?page_id=311"},"modified":"2019-01-27T22:57:53","modified_gmt":"2019-01-27T22:57:53","slug":"linies","status":"publish","type":"page","link":"https:\/\/www.acemabcn.org\/es\/fons-documental\/linies\/","title":{"rendered":"L\u00edneas"},"content":{"rendered":"<p>Informes realizados por el socio David Llorca, con la historia de las l\u00edneas de bus de la ciudad de Barcelona. Estos informes se ordenan seg\u00fan la tipolog\u00eda del servicio (<i>nova xarxa<\/i>, <i>bus del barri<\/i>\u00a0y\u00a0<em>red\u00a0<\/em><i>convencional<\/i>).<\/p>\n<h1 class=\"widget-title\">Nova xarxa<\/h1>\n\n<!-- Generado usando Document Gallery. Obtenga el suyo aqu\u00ed:http:\/\/wordpress.org\/extend\/plugins\/document-gallery -->\n<div id=\"document-gallery-5\" class=\"document-gallery\" data-shortcode='{\"id\":311,\"include\":\"2343\",\"exclude\":\"\",\"columns\":4,\"fancy\":true,\"order\":\"DESC\",\"orderby\":\"post__in\",\"relation\":\"AND\",\"limit\":-1,\"mime_types\":\"application,video,text,audio,image\",\"new_window\":true,\"paginate\":true,\"post_status\":\"any\",\"post_type\":\"attachment\",\"descriptions\":false,\"attachment_pg\":false,\"skip\":0}' style='--dg-icon-width: 24%'>\n<div class='document-icon-row'>\n   <div class=\"document-icon\">\n      <a href=\"https:\/\/www.acemabcn.org\/wp-content\/uploads\/2015\/11\/linia_h14.pdf\" target=\"_blank\">\n         <img decoding=\"async\" src=\"https:\/\/www.acemabcn.org\/wp-content\/uploads\/2015\/11\/linia_h14-thumb.png\" title=\"L\u00ednea H14\" alt=\"L\u00ednea H14\" data-ext=\"pdf\"\/>\n         <span class=\"title\">L\u00ednea H14<\/span>\n      <\/a>\n   <\/div>\n\n<\/div>\n<\/div>\n<h1 class=\"widget-title\">Bus del Barri<\/h1>\n\n<!-- Generado usando Document Gallery. Obtenga el suyo aqu\u00ed:http:\/\/wordpress.org\/extend\/plugins\/document-gallery -->\n<div id=\"document-gallery-6\" class=\"document-gallery\" data-shortcode='{\"id\":311,\"include\":\"2341,2736\",\"exclude\":\"\",\"columns\":4,\"fancy\":true,\"order\":\"DESC\",\"orderby\":\"post__in\",\"relation\":\"AND\",\"limit\":-1,\"mime_types\":\"application,video,text,audio,image\",\"new_window\":true,\"paginate\":true,\"post_status\":\"any\",\"post_type\":\"attachment\",\"descriptions\":false,\"attachment_pg\":false,\"skip\":0}' style='--dg-icon-width: 24%'>\n<div class='document-icon-row'>\n   <div class=\"document-icon\">\n      <a href=\"https:\/\/www.acemabcn.org\/wp-content\/uploads\/2015\/11\/linia_113.pdf\" target=\"_blank\">\n         <img decoding=\"async\" src=\"https:\/\/www.acemabcn.org\/wp-content\/uploads\/2015\/11\/linia_113-thumb.png\" title=\"L\u00ednea 113\" alt=\"L\u00ednea 113\" data-ext=\"pdf\"\/>\n         <span class=\"title\">L\u00ednea 113<\/span>\n      <\/a>\n   <\/div>\n   <div class=\"document-icon\">\n      <a href=\"https:\/\/www.acemabcn.org\/wp-content\/uploads\/2015\/11\/126-Sant-Andreu.pdf\" target=\"_blank\">\n         <img decoding=\"async\" src=\"https:\/\/www.acemabcn.org\/wp-content\/uploads\/2015\/11\/126-Sant-Andreu-thumb.png\" title=\"L\u00ednea 126\" alt=\"L\u00ednea 126\" data-ext=\"pdf\"\/>\n         <span class=\"title\">L\u00ednea 126<\/span>\n      <\/a>\n   <\/div>\n\n<\/div>\n<\/div>\n<h1 class=\"widget-title\">Red convencional<\/h1>\n\n<!-- Generado usando Document Gallery. Obtenga el suyo aqu\u00ed:http:\/\/wordpress.org\/extend\/plugins\/document-gallery -->\n<div id=\"document-gallery-7\" class=\"document-gallery\" data-shortcode='{\"id\":311,\"include\":\"2340\",\"exclude\":\"\",\"columns\":4,\"fancy\":true,\"order\":\"DESC\",\"orderby\":\"post__in\",\"relation\":\"AND\",\"limit\":-1,\"mime_types\":\"application,video,text,audio,image\",\"new_window\":true,\"paginate\":true,\"post_status\":\"any\",\"post_type\":\"attachment\",\"descriptions\":false,\"attachment_pg\":false,\"skip\":0}' style='--dg-icon-width: 24%'>\n<div class='document-icon-row'>\n   <div class=\"document-icon\">\n      <a href=\"https:\/\/www.acemabcn.org\/wp-content\/uploads\/2015\/11\/linia_46.pdf\" target=\"_blank\">\n         <img decoding=\"async\" src=\"https:\/\/www.acemabcn.org\/wp-content\/uploads\/2015\/11\/linia_46-thumb.png\" title=\"L\u00ednea 46\" alt=\"L\u00ednea 46\" data-ext=\"pdf\"\/>\n         <span class=\"title\">L\u00ednea 46<\/span>\n      <\/a>\n   <\/div>\n\n<\/div>\n<\/div>\n<p>&nbsp;<\/p>\n<h1 class=\"widget-title\">Bus a demanda<\/h1>\n\n<!-- Generado usando Document Gallery. Obtenga el suyo aqu\u00ed:http:\/\/wordpress.org\/extend\/plugins\/document-gallery -->\n<div id=\"document-gallery-8\" class=\"document-gallery\" data-shortcode='{\"id\":311,\"include\":\"3315\",\"exclude\":\"\",\"columns\":4,\"fancy\":true,\"order\":\"DESC\",\"orderby\":\"post__in\",\"relation\":\"AND\",\"limit\":-1,\"mime_types\":\"application,video,text,audio,image\",\"new_window\":true,\"paginate\":true,\"post_status\":\"any\",\"post_type\":\"attachment\",\"descriptions\":false,\"attachment_pg\":false,\"skip\":0}' style='--dg-icon-width: 24%'>\n<div class='document-icon-row'>\n   <div class=\"document-icon\">\n      <a href=\"https:\/\/www.acemabcn.org\/wp-content\/uploads\/2019\/01\/199-elMeuBus.pdf\" target=\"_blank\">\n         <img decoding=\"async\" src=\"https:\/\/www.acemabcn.org\/wp-content\/uploads\/2019\/01\/199-elMeuBus-thumb.png\" title=\"199 elMeuBus\" alt=\"199 elMeuBus\" data-ext=\"pdf\"\/>\n         <span class=\"title\">199 elMeuBus<\/span>\n      <\/a>\n   <\/div>\n\n<\/div>\n<\/div>\n<p>&nbsp;<\/p>","protected":false},"excerpt":{"rendered":"<p><span class=\"more-wrapper\"><a class=\"more-link button\" href=\"https:\/\/www.acemabcn.org\/es\/fons-documental\/linies\/\">Seguir leyendo<\/a><\/span><\/p>\n","protected":false},"author":1,"featured_media":0,"parent":231,"menu_order":0,"comment_status":"closed","ping_status":"closed","template":"","meta":{"inline_featured_image":false,"_exactmetrics_skip_tracking":false,"_exactmetrics_sitenote_active":false,"_exactmetrics_sitenote_note":"","_exactmetrics_sitenote_category":0,"footnotes":""},"class_list":["post-311","page","type-page","status-publish","hentry"],"_links":{"self":[{"href":"https:\/\/www.acemabcn.org\/es\/wp-json\/wp\/v2\/pages\/311","targetHints":{"allow":["GET"]}}],"collection":[{"href":"https:\/\/www.acemabcn.org\/es\/wp-json\/wp\/v2\/pages"}],"about":[{"href":"https:\/\/www.acemabcn.org\/es\/wp-json\/wp\/v2\/types\/page"}],"author":[{"embeddable":true,"href":"https:\/\/www.acemabcn.org\/es\/wp-json\/wp\/v2\/users\/1"}],"replies":[{"embeddable":true,"href":"https:\/\/www.acemabcn.org\/es\/wp-json\/wp\/v2\/comments?post=311"}],"version-history":[{"count":58,"href":"https:\/\/www.acemabcn.org\/es\/wp-json\/wp\/v2\/pages\/311\/revisions"}],"predecessor-version":[{"id":3316,"href":"https:\/\/www.acemabcn.org\/es\/wp-json\/wp\/v2\/pages\/311\/revisions\/3316"}],"up":[{"embeddable":true,"href":"https:\/\/www.acemabcn.org\/es\/wp-json\/wp\/v2\/pages\/231"}],"wp:attachment":[{"href":"https:\/\/www.acemabcn.org\/es\/wp-json\/wp\/v2\/media?parent=311"}],"curies":[{"name":"wp","href":"https:\/\/api.w.org\/{rel}","templated":true}]}}