{"id":328,"date":"2015-11-08T17:22:04","date_gmt":"2015-11-08T17:22:04","guid":{"rendered":"http:\/\/www.acemabcn.org\/?page_id=328"},"modified":"2016-09-26T12:24:43","modified_gmt":"2016-09-26T12:24:43","slug":"sortides","status":"publish","type":"page","link":"https:\/\/www.acemabcn.org\/es\/associacio\/sortides\/","title":{"rendered":"Salidas"},"content":{"rendered":"<div id=\"pl-328\"  class=\"panel-layout\" ><div id=\"pg-328-0\"  class=\"panel-grid panel-no-style\" ><div id=\"pgc-328-0-0\"  class=\"panel-grid-cell\" ><div id=\"panel-328-0-0-0\" class=\"so-panel widget widget_text panel-first-child\" data-index=\"0\" >\t\t\t<div class=\"textwidget\">ACEMA organitza sortides per tal que els seus socis coneguin el m\u00f3n dels transports p\u00fablics. Normalment, fem dues sortides anuals. En aquest llistat, mencionem les m\u00e9s rellevants.<\/div>\n\t\t<\/div><div id=\"panel-328-0-0-1\" class=\"so-panel widget widget_rpjc_widget_cat_recent_posts rpjc_widget_cat_recent_posts widget_recent_entries panel-last-child\" data-index=\"1\" ><ul><li><a href=\"https:\/\/www.acemabcn.org\/es\/20160508\/visita-noctura-a-bord-del-tren-historic-de-metro\/\">Visita noctura a bordo del tren hist\u00f3rico de Metro<\/a><\/li><li><a href=\"https:\/\/www.acemabcn.org\/es\/20160226\/visita-al-scopic-miniatur\/\">Visita al Sc\u00f2pic Miniatur<\/a><\/li><li><a href=\"https:\/\/www.acemabcn.org\/es\/20160129\/visita-estacio-metro-fira-l9\/\">Visita estaci\u00f3n de Fira L9 del metro<\/a><\/li><li><a href=\"https:\/\/www.acemabcn.org\/es\/20151114\/visita-transports-doci-de-montjuic\/\">Visita Transportes de Ocio de Montju\u00efc<\/a><\/li><li><a href=\"https:\/\/www.acemabcn.org\/es\/20151114\/visita-a-lexposicio-tmb-en-accio-un-viatge-sostenible\/\">Visita a la exposici\u00f3n TMB en acci\u00f3n. Un viaje sostenible<\/a><\/li><li><a href=\"https:\/\/www.acemabcn.org\/es\/20150704\/visita-al-con-dhorta\/\">Visita al CON de Horta<\/a><\/li><li><a href=\"https:\/\/www.acemabcn.org\/es\/20140916\/visita-a-transports-urbans-de-sabadell\/\">Visita a Transports Urbans de Sabadell<\/a><\/li><li><a href=\"https:\/\/www.acemabcn.org\/es\/20140426\/visita-als-tallers-dfgc-de-rubi\/\">Visita als tallers d&#8217;FGC de Rub\u00ed<\/a><\/li><li><a href=\"https:\/\/www.acemabcn.org\/es\/20131231\/visita-a-les-instal%c2%b7lacions-del-trambesos\/\">Visita a les instal\u00b7lacions del Trambes\u00f2s<\/a><\/li><li><a href=\"https:\/\/www.acemabcn.org\/es\/20130628\/presentacio-dels-vanhool-exquicity-24\/\">Presentaci\u00f3 dels VanHool Exquicity 24<\/a><\/li><li><a href=\"https:\/\/www.acemabcn.org\/es\/20130221\/sortida-al-tramvia-blau\/\">Sortida al Tramvia Blau<\/a><\/li><li><a href=\"https:\/\/www.acemabcn.org\/es\/20120929\/visita-a-carrosseries-beulas\/\">Visita a Carrocer\u00edas Beulas<\/a><\/li><li><a href=\"https:\/\/www.acemabcn.org\/es\/20120629\/visita-a-les-instal%c2%b7lacions-de-can-zam-de-la-linia-9-del-metro\/\">Visita a les instalaciones de Can Zam de la l\u00ednea 9 del metro<\/a><\/li><li><a href=\"https:\/\/www.acemabcn.org\/es\/20120618\/visita-al-con-triangle\/\">Visita al CON Tri\u00e1ngulo<\/a><\/li><li><a href=\"https:\/\/www.acemabcn.org\/es\/20120425\/passeig-al-barcelona-bus-turistic\/\">Passeig al Barcelona Bus Tur\u00edstic<\/a><\/li><li><a href=\"https:\/\/www.acemabcn.org\/es\/20120423\/sortida-al-con-de-la-zona-franca\/\">Sortida al CON de la Zona Franca<\/a><\/li><\/ul><\/div><\/div><\/div><\/div>","protected":false},"excerpt":{"rendered":"<p><span class=\"more-wrapper\"><a class=\"more-link button\" href=\"https:\/\/www.acemabcn.org\/es\/associacio\/sortides\/\">Seguir leyendo<\/a><\/span><\/p>\n","protected":false},"author":1,"featured_media":1382,"parent":78,"menu_order":0,"comment_status":"closed","ping_status":"closed","template":"","meta":{"inline_featured_image":false,"_exactmetrics_skip_tracking":false,"_exactmetrics_sitenote_active":false,"_exactmetrics_sitenote_note":"","_exactmetrics_sitenote_category":0,"footnotes":""},"class_list":["post-328","page","type-page","status-publish","has-post-thumbnail","hentry"],"_links":{"self":[{"href":"https:\/\/www.acemabcn.org\/es\/wp-json\/wp\/v2\/pages\/328","targetHints":{"allow":["GET"]}}],"collection":[{"href":"https:\/\/www.acemabcn.org\/es\/wp-json\/wp\/v2\/pages"}],"about":[{"href":"https:\/\/www.acemabcn.org\/es\/wp-json\/wp\/v2\/types\/page"}],"author":[{"embeddable":true,"href":"https:\/\/www.acemabcn.org\/es\/wp-json\/wp\/v2\/users\/1"}],"replies":[{"embeddable":true,"href":"https:\/\/www.acemabcn.org\/es\/wp-json\/wp\/v2\/comments?post=328"}],"version-history":[{"count":41,"href":"https:\/\/www.acemabcn.org\/es\/wp-json\/wp\/v2\/pages\/328\/revisions"}],"predecessor-version":[{"id":2308,"href":"https:\/\/www.acemabcn.org\/es\/wp-json\/wp\/v2\/pages\/328\/revisions\/2308"}],"up":[{"embeddable":true,"href":"https:\/\/www.acemabcn.org\/es\/wp-json\/wp\/v2\/pages\/78"}],"wp:featuredmedia":[{"embeddable":true,"href":"https:\/\/www.acemabcn.org\/es\/wp-json\/wp\/v2\/media\/1382"}],"wp:attachment":[{"href":"https:\/\/www.acemabcn.org\/es\/wp-json\/wp\/v2\/media?parent=328"}],"curies":[{"name":"wp","href":"https:\/\/api.w.org\/{rel}","templated":true}]}}