{"id":331,"date":"2015-11-08T17:22:39","date_gmt":"2015-11-08T17:22:39","guid":{"rendered":"http:\/\/www.acemabcn.org\/?page_id=331"},"modified":"2016-09-26T19:42:08","modified_gmt":"2016-09-26T19:42:08","slug":"restauracions","status":"publish","type":"page","link":"https:\/\/www.acemabcn.org\/es\/associacio\/restauracions\/","title":{"rendered":"Restauraciones"},"content":{"rendered":"<p>Antes de la creaci\u00f3n de la Fundaci\u00f3n TMB, todo el material hist\u00f3rico se pod\u00eda ver en un peque\u00f1o hangar cercano a la poblaci\u00f3n de La Pobla de Lillet. TMB se interes\u00f3 por todo el patrimonio, y se cre\u00f3 un comit\u00e9 del que varios socios de ACEMA formaron parte.<\/p>\n<p>Se realizaron cuatro viajes para ver, anotar, participar y ayudar para que todo el material volviera a Barcelona.<\/p>\n<p>Una vez que los veh\u00edculos llegaron al CON Tri\u00e1ngulo, se crearon grupos de trabajo para comenzar a restaurar los veh\u00edculos. ACEMA ha participado en algunas de estas restauraciones.<\/p>\n<h1>Dodge 265<\/h1>\n<p>Una vez fue recuperado, TMB present\u00f3 el Dodge y lo hizo participar en varios actos. Sin embargo, entre los asistentes se criticaba la disparidad de los colores que presentaba en comparaci\u00f3n con otros veh\u00edculos, y se anim\u00f3 a Patrimonio a repintar el bus y darle un n\u00famero de calca.<\/p>\n<p><a href=\"http:\/\/www.acemabcn.org\/wp-content\/uploads\/2015\/11\/dodge-20-2.jpg\"><img loading=\"lazy\" decoding=\"async\" class=\" wp-image-493 alignleft\" src=\"http:\/\/www.acemabcn.org\/wp-content\/uploads\/2015\/11\/dodge-20-2-300x225.jpg\" alt=\"dodge 20 (2)\" width=\"367\" height=\"275\" srcset=\"https:\/\/www.acemabcn.org\/wp-content\/uploads\/2015\/11\/dodge-20-2-300x225.jpg 300w, https:\/\/www.acemabcn.org\/wp-content\/uploads\/2015\/11\/dodge-20-2.jpg 1024w\" sizes=\"auto, (max-width: 367px) 100vw, 367px\" \/><\/a>Patrimonio vio bien la idea y deleg\u00f3 el proyecto en representantes de ACEMA. La asociaci\u00f3n hizo los tr\u00e1mites oportunos, y TMB dio el visto bueno al proyecto.<\/p>\n<p>El paso siguiente fue elaborar un borrador y empezar a trabajar. Tranv\u00edas de Barcelona, \u200b\u200bentre los a\u00f1os 20 y 40, s\u00f3lo ten\u00eda tranv\u00edas; los autobuses que circulaban por la ciudad condal eran de la Compa\u00f1\u00eda General de Autobuses, por lo que se decidi\u00f3 que el Dodge se pareciera a un autob\u00fas de la CGA.<\/p>\n<p>El borrador que se present\u00f3 con los colores rojo y crema pareci\u00f3 bien, pero ten\u00eda que decidir cu\u00e1l ser\u00eda el tono de los colores. Los veh\u00edculos de TB se usaba el famoso \u00abrojo Londres\u00bb. Para que los colores fueran iguales, se tom\u00f3 como referencia una maqueta de un \u00abRegent\u00bb londinense. Nos pusimos en contacto con un fabricante de pinturas, que nos alcanzar\u00eda el tono exacto.<\/p>\n<p>Decidimos cambiar la se\u00f1alizaci\u00f3n de atr\u00e1s, ya que el bus llevaba los pilotos de un antiguo Seat 1400, que no se parec\u00eda en nada al material de la \u00e9poca. Estos pilotos ser\u00edan proporcionados por ERSA, proveedor de material el\u00e9ctrico de automoci\u00f3n de TMB.<\/p>\n<p>La rotulaci\u00f3n externa del veh\u00edculo (el logotipo de la CGA y el r\u00f3tulo de l\u00ednea) tuvieron que ser dibujados e impresos.<\/p>\n<p>Una vez se termin\u00f3 la restauraci\u00f3n, los mec\u00e1nicos vieron que los frenos no respond\u00edan, por lo que se elev\u00f3 el coche y se vio que los frenos estaban rotos. Tuvieron que cambiarse.<\/p>\n<p>Con ello, el veh\u00edculo qued\u00f3 totalmente restaurado. Tanto a los fines de Patrimonio como los de TMB les encant\u00f3 el resultado. El 12 de diciembre de 2008, Patrimonio cit\u00f3 en la plaza Espa\u00f1a a todos los miembros del Comit\u00e9 para presentar el veh\u00edculo.<\/p>\n<p>Como curiosidad, el n\u00famero de calca adjudicado fue el 265 ya que ning\u00fan bus de la CGA lo llev\u00f3.<\/p>\n<h1>Chausson 59<\/h1>\n<h1>Pegaso 6035\/A<\/h1>\n<p>En esta restauraci\u00f3n, ACEMA aport\u00f3, a trav\u00e9s de sus socios, las muestras de los colores originales del veh\u00edculo, que son los que actualmente lleva el bus preservado. Los veh\u00edculos se recuperaron de la Universidad Aut\u00f3noma de Barcelona, donde estuvieron prestando servicios transportando universitarios.<\/p>\n<div id='gallery-5' class='gallery galleryid-331 gallery-columns-3 gallery-size-medium'><figure class='gallery-item'>\n\t\t\t<div class='gallery-icon landscape'>\n\t\t\t\t<a href='https:\/\/www.acemabcn.org\/wp-content\/uploads\/2015\/11\/3036-30-05-2010_PRESENTACION-2.jpg'><img loading=\"lazy\" decoding=\"async\" width=\"300\" height=\"225\" src=\"https:\/\/www.acemabcn.org\/wp-content\/uploads\/2015\/11\/3036-30-05-2010_PRESENTACION-2-300x225.jpg\" class=\"attachment-medium size-medium\" alt=\"\" srcset=\"https:\/\/www.acemabcn.org\/wp-content\/uploads\/2015\/11\/3036-30-05-2010_PRESENTACION-2-300x225.jpg 300w, https:\/\/www.acemabcn.org\/wp-content\/uploads\/2015\/11\/3036-30-05-2010_PRESENTACION-2.jpg 1024w\" sizes=\"auto, (max-width: 300px) 100vw, 300px\" \/><\/a>\n\t\t\t<\/div><\/figure><figure class='gallery-item'>\n\t\t\t<div class='gallery-icon landscape'>\n\t\t\t\t<a href='https:\/\/www.acemabcn.org\/wp-content\/uploads\/2015\/11\/3036-COSMAN-2010-05-16-a_1-2.jpg'><img loading=\"lazy\" decoding=\"async\" width=\"300\" height=\"225\" src=\"https:\/\/www.acemabcn.org\/wp-content\/uploads\/2015\/11\/3036-COSMAN-2010-05-16-a_1-2-300x225.jpg\" class=\"attachment-medium size-medium\" alt=\"\" srcset=\"https:\/\/www.acemabcn.org\/wp-content\/uploads\/2015\/11\/3036-COSMAN-2010-05-16-a_1-2-300x225.jpg 300w, https:\/\/www.acemabcn.org\/wp-content\/uploads\/2015\/11\/3036-COSMAN-2010-05-16-a_1-2.jpg 1024w\" sizes=\"auto, (max-width: 300px) 100vw, 300px\" \/><\/a>\n\t\t\t<\/div><\/figure><figure class='gallery-item'>\n\t\t\t<div class='gallery-icon landscape'>\n\t\t\t\t<a href='https:\/\/www.acemabcn.org\/wp-content\/uploads\/2015\/11\/3036-COSMAN-2010-05-16-d_1-2.jpg'><img loading=\"lazy\" decoding=\"async\" width=\"300\" height=\"225\" src=\"https:\/\/www.acemabcn.org\/wp-content\/uploads\/2015\/11\/3036-COSMAN-2010-05-16-d_1-2-300x225.jpg\" class=\"attachment-medium size-medium\" alt=\"\" srcset=\"https:\/\/www.acemabcn.org\/wp-content\/uploads\/2015\/11\/3036-COSMAN-2010-05-16-d_1-2-300x225.jpg 300w, https:\/\/www.acemabcn.org\/wp-content\/uploads\/2015\/11\/3036-COSMAN-2010-05-16-d_1-2.jpg 1024w\" sizes=\"auto, (max-width: 300px) 100vw, 300px\" \/><\/a>\n\t\t\t<\/div><\/figure>\n\t\t<\/div>\n\n<h1>Aclo 410<\/h1>\n<div id='gallery-6' class='gallery galleryid-331 gallery-columns-3 gallery-size-medium'><figure class='gallery-item'>\n\t\t\t<div class='gallery-icon landscape'>\n\t\t\t\t<a href='https:\/\/www.acemabcn.org\/wp-content\/uploads\/2015\/11\/ESTADO-INICIAL-1-2.jpg'><img loading=\"lazy\" decoding=\"async\" width=\"300\" height=\"225\" src=\"https:\/\/www.acemabcn.org\/wp-content\/uploads\/2015\/11\/ESTADO-INICIAL-1-2-300x225.jpg\" class=\"attachment-medium size-medium\" alt=\"\" srcset=\"https:\/\/www.acemabcn.org\/wp-content\/uploads\/2015\/11\/ESTADO-INICIAL-1-2-300x225.jpg 300w, https:\/\/www.acemabcn.org\/wp-content\/uploads\/2015\/11\/ESTADO-INICIAL-1-2.jpg 1024w\" sizes=\"auto, (max-width: 300px) 100vw, 300px\" \/><\/a>\n\t\t\t<\/div><\/figure><figure class='gallery-item'>\n\t\t\t<div class='gallery-icon landscape'>\n\t\t\t\t<a href='https:\/\/www.acemabcn.org\/wp-content\/uploads\/2015\/11\/1-7-2010-a-2.jpg'><img loading=\"lazy\" decoding=\"async\" width=\"300\" height=\"225\" src=\"https:\/\/www.acemabcn.org\/wp-content\/uploads\/2015\/11\/1-7-2010-a-2-300x225.jpg\" class=\"attachment-medium size-medium\" alt=\"\" srcset=\"https:\/\/www.acemabcn.org\/wp-content\/uploads\/2015\/11\/1-7-2010-a-2-300x225.jpg 300w, https:\/\/www.acemabcn.org\/wp-content\/uploads\/2015\/11\/1-7-2010-a-2.jpg 1024w\" sizes=\"auto, (max-width: 300px) 100vw, 300px\" \/><\/a>\n\t\t\t<\/div><\/figure><figure class='gallery-item'>\n\t\t\t<div class='gallery-icon landscape'>\n\t\t\t\t<a href='https:\/\/www.acemabcn.org\/wp-content\/uploads\/2015\/11\/ACLO-Chasis_06-2.jpg'><img loading=\"lazy\" decoding=\"async\" width=\"300\" height=\"225\" src=\"https:\/\/www.acemabcn.org\/wp-content\/uploads\/2015\/11\/ACLO-Chasis_06-2-300x225.jpg\" class=\"attachment-medium size-medium\" alt=\"\" srcset=\"https:\/\/www.acemabcn.org\/wp-content\/uploads\/2015\/11\/ACLO-Chasis_06-2-300x225.jpg 300w, https:\/\/www.acemabcn.org\/wp-content\/uploads\/2015\/11\/ACLO-Chasis_06-2.jpg 1024w\" sizes=\"auto, (max-width: 300px) 100vw, 300px\" \/><\/a>\n\t\t\t<\/div><\/figure>\n\t\t<\/div>\n\n<h1>Mercedes-Benz O402<\/h1>\n<p>ACEMA ayud\u00f3 a TMB en la recuperaci\u00f3n de un autob\u00fas midi del modelo Mercedes-Benz O402, con carrocer\u00eda Castrosua de la serie 4100.<\/p>\n<p>Se realiz\u00f3 una visita a Fraga que no tuvo \u00e9xito. Posteriormente, se iniciaron conversaciones con la empresa Font de Ripollet, que fue quien finalmente se qued\u00f3\u00a0el veh\u00edculo.<\/p>\n<h1>Tranv\u00eda 58<\/h1>\n<div id='gallery-7' class='gallery galleryid-331 gallery-columns-4 gallery-size-medium'><figure class='gallery-item'>\n\t\t\t<div class='gallery-icon landscape'>\n\t\t\t\t<a href='https:\/\/www.acemabcn.org\/wp-content\/uploads\/2015\/11\/DSC_0031-2.jpg'><img loading=\"lazy\" decoding=\"async\" width=\"300\" height=\"225\" src=\"https:\/\/www.acemabcn.org\/wp-content\/uploads\/2015\/11\/DSC_0031-2-300x225.jpg\" class=\"attachment-medium size-medium\" alt=\"\" srcset=\"https:\/\/www.acemabcn.org\/wp-content\/uploads\/2015\/11\/DSC_0031-2-300x225.jpg 300w, https:\/\/www.acemabcn.org\/wp-content\/uploads\/2015\/11\/DSC_0031-2.jpg 1024w\" sizes=\"auto, (max-width: 300px) 100vw, 300px\" \/><\/a>\n\t\t\t<\/div><\/figure><figure class='gallery-item'>\n\t\t\t<div class='gallery-icon landscape'>\n\t\t\t\t<a href='https:\/\/www.acemabcn.org\/wp-content\/uploads\/2015\/11\/29-1-2008-c-2.jpg'><img loading=\"lazy\" decoding=\"async\" width=\"300\" height=\"225\" src=\"https:\/\/www.acemabcn.org\/wp-content\/uploads\/2015\/11\/29-1-2008-c-2-300x225.jpg\" class=\"attachment-medium size-medium\" alt=\"\" srcset=\"https:\/\/www.acemabcn.org\/wp-content\/uploads\/2015\/11\/29-1-2008-c-2-300x225.jpg 300w, https:\/\/www.acemabcn.org\/wp-content\/uploads\/2015\/11\/29-1-2008-c-2.jpg 1024w\" sizes=\"auto, (max-width: 300px) 100vw, 300px\" \/><\/a>\n\t\t\t<\/div><\/figure><figure class='gallery-item'>\n\t\t\t<div class='gallery-icon landscape'>\n\t\t\t\t<a href='https:\/\/www.acemabcn.org\/wp-content\/uploads\/2015\/11\/857-ALMENAR-10-10-2008-A_1-2.jpg'><img loading=\"lazy\" decoding=\"async\" width=\"300\" height=\"225\" src=\"https:\/\/www.acemabcn.org\/wp-content\/uploads\/2015\/11\/857-ALMENAR-10-10-2008-A_1-2-300x225.jpg\" class=\"attachment-medium size-medium\" alt=\"\" srcset=\"https:\/\/www.acemabcn.org\/wp-content\/uploads\/2015\/11\/857-ALMENAR-10-10-2008-A_1-2-300x225.jpg 300w, https:\/\/www.acemabcn.org\/wp-content\/uploads\/2015\/11\/857-ALMENAR-10-10-2008-A_1-2.jpg 1024w\" sizes=\"auto, (max-width: 300px) 100vw, 300px\" \/><\/a>\n\t\t\t<\/div><\/figure><figure class='gallery-item'>\n\t\t\t<div class='gallery-icon landscape'>\n\t\t\t\t<a href='https:\/\/www.acemabcn.org\/wp-content\/uploads\/2015\/11\/857-ALMENAR-17-3-2009-A_1-2.jpg'><img loading=\"lazy\" decoding=\"async\" width=\"300\" height=\"225\" src=\"https:\/\/www.acemabcn.org\/wp-content\/uploads\/2015\/11\/857-ALMENAR-17-3-2009-A_1-2-300x225.jpg\" class=\"attachment-medium size-medium\" alt=\"\" srcset=\"https:\/\/www.acemabcn.org\/wp-content\/uploads\/2015\/11\/857-ALMENAR-17-3-2009-A_1-2-300x225.jpg 300w, https:\/\/www.acemabcn.org\/wp-content\/uploads\/2015\/11\/857-ALMENAR-17-3-2009-A_1-2.jpg 1024w\" sizes=\"auto, (max-width: 300px) 100vw, 300px\" \/><\/a>\n\t\t\t<\/div><\/figure>\n\t\t<\/div>\n\n<h1>Tranv\u00eda 867<\/h1>\n<h1>Tranv\u00eda PCC 1631<\/h1>\n<p><div id='gallery-8' class='gallery galleryid-331 gallery-columns-3 gallery-size-medium'><figure class='gallery-item'>\n\t\t\t<div class='gallery-icon landscape'>\n\t\t\t\t<a href='https:\/\/www.acemabcn.org\/wp-content\/uploads\/2015\/11\/1631-16-05-2010-A_1-2.jpg'><img loading=\"lazy\" decoding=\"async\" width=\"300\" height=\"225\" src=\"https:\/\/www.acemabcn.org\/wp-content\/uploads\/2015\/11\/1631-16-05-2010-A_1-2-300x225.jpg\" class=\"attachment-medium size-medium\" alt=\"\" srcset=\"https:\/\/www.acemabcn.org\/wp-content\/uploads\/2015\/11\/1631-16-05-2010-A_1-2-300x225.jpg 300w, https:\/\/www.acemabcn.org\/wp-content\/uploads\/2015\/11\/1631-16-05-2010-A_1-2.jpg 1024w\" sizes=\"auto, (max-width: 300px) 100vw, 300px\" \/><\/a>\n\t\t\t<\/div><\/figure><figure class='gallery-item'>\n\t\t\t<div class='gallery-icon landscape'>\n\t\t\t\t<a href='https:\/\/www.acemabcn.org\/wp-content\/uploads\/2015\/11\/1631-19-10-2010-C_1-2.jpg'><img loading=\"lazy\" decoding=\"async\" width=\"300\" height=\"225\" src=\"https:\/\/www.acemabcn.org\/wp-content\/uploads\/2015\/11\/1631-19-10-2010-C_1-2-300x225.jpg\" class=\"attachment-medium size-medium\" alt=\"\" srcset=\"https:\/\/www.acemabcn.org\/wp-content\/uploads\/2015\/11\/1631-19-10-2010-C_1-2-300x225.jpg 300w, https:\/\/www.acemabcn.org\/wp-content\/uploads\/2015\/11\/1631-19-10-2010-C_1-2.jpg 1024w\" sizes=\"auto, (max-width: 300px) 100vw, 300px\" \/><\/a>\n\t\t\t<\/div><\/figure><figure class='gallery-item'>\n\t\t\t<div class='gallery-icon landscape'>\n\t\t\t\t<a href='https:\/\/www.acemabcn.org\/wp-content\/uploads\/2015\/11\/1631-27-01-2011-A_1-2.jpg'><img loading=\"lazy\" decoding=\"async\" width=\"300\" height=\"225\" src=\"https:\/\/www.acemabcn.org\/wp-content\/uploads\/2015\/11\/1631-27-01-2011-A_1-2-300x225.jpg\" class=\"attachment-medium size-medium\" alt=\"\" srcset=\"https:\/\/www.acemabcn.org\/wp-content\/uploads\/2015\/11\/1631-27-01-2011-A_1-2-300x225.jpg 300w, https:\/\/www.acemabcn.org\/wp-content\/uploads\/2015\/11\/1631-27-01-2011-A_1-2.jpg 1024w\" sizes=\"auto, (max-width: 300px) 100vw, 300px\" \/><\/a>\n\t\t\t<\/div><\/figure>\n\t\t<\/div>\n<\/p>","protected":false},"excerpt":{"rendered":"<p><span class=\"more-wrapper\"><a class=\"more-link button\" href=\"https:\/\/www.acemabcn.org\/es\/associacio\/restauracions\/\">Seguir leyendo<\/a><\/span><\/p>\n","protected":false},"author":1,"featured_media":493,"parent":78,"menu_order":0,"comment_status":"closed","ping_status":"closed","template":"","meta":{"inline_featured_image":false,"_exactmetrics_skip_tracking":false,"_exactmetrics_sitenote_active":false,"_exactmetrics_sitenote_note":"","_exactmetrics_sitenote_category":0,"footnotes":""},"class_list":["post-331","page","type-page","status-publish","has-post-thumbnail","hentry"],"_links":{"self":[{"href":"https:\/\/www.acemabcn.org\/es\/wp-json\/wp\/v2\/pages\/331","targetHints":{"allow":["GET"]}}],"collection":[{"href":"https:\/\/www.acemabcn.org\/es\/wp-json\/wp\/v2\/pages"}],"about":[{"href":"https:\/\/www.acemabcn.org\/es\/wp-json\/wp\/v2\/types\/page"}],"author":[{"embeddable":true,"href":"https:\/\/www.acemabcn.org\/es\/wp-json\/wp\/v2\/users\/1"}],"replies":[{"embeddable":true,"href":"https:\/\/www.acemabcn.org\/es\/wp-json\/wp\/v2\/comments?post=331"}],"version-history":[{"count":8,"href":"https:\/\/www.acemabcn.org\/es\/wp-json\/wp\/v2\/pages\/331\/revisions"}],"predecessor-version":[{"id":783,"href":"https:\/\/www.acemabcn.org\/es\/wp-json\/wp\/v2\/pages\/331\/revisions\/783"}],"up":[{"embeddable":true,"href":"https:\/\/www.acemabcn.org\/es\/wp-json\/wp\/v2\/pages\/78"}],"wp:featuredmedia":[{"embeddable":true,"href":"https:\/\/www.acemabcn.org\/es\/wp-json\/wp\/v2\/media\/493"}],"wp:attachment":[{"href":"https:\/\/www.acemabcn.org\/es\/wp-json\/wp\/v2\/media?parent=331"}],"curies":[{"name":"wp","href":"https:\/\/api.w.org\/{rel}","templated":true}]}}