{"id":78,"date":"2015-08-15T19:25:48","date_gmt":"2015-08-15T19:25:48","guid":{"rendered":"http:\/\/www.acemabcn.org\/?page_id=78"},"modified":"2016-09-22T12:36:14","modified_gmt":"2016-09-22T12:36:14","slug":"associacio","status":"publish","type":"page","link":"https:\/\/www.acemabcn.org\/es\/associacio\/","title":{"rendered":"\u00bfQui\u00e9nes somos?"},"content":{"rendered":"<p><a href=\"http:\/\/www.acemabcn.org\/wp-content\/uploads\/2015\/08\/termo-es.png\" rel=\"attachment wp-att-1127\"><img loading=\"lazy\" decoding=\"async\" class=\"alignleft size-large wp-image-1127\" src=\"http:\/\/www.acemabcn.org\/wp-content\/uploads\/2015\/08\/termo-es-269x1024.png\" alt=\"termo-es\" width=\"269\" height=\"1024\" srcset=\"https:\/\/www.acemabcn.org\/wp-content\/uploads\/2015\/08\/termo-es-269x1024.png 269w, https:\/\/www.acemabcn.org\/wp-content\/uploads\/2015\/08\/termo-es-79x300.png 79w, https:\/\/www.acemabcn.org\/wp-content\/uploads\/2015\/08\/termo-es.png 354w\" sizes=\"auto, (max-width: 269px) 100vw, 269px\" \/><\/a>El 3 de mayo del 2000 un grupo de personas consolidar\u00e1n en Asociaci\u00f3n sus ideas e inquietudes comunes, la mayor\u00eda empleados de Autobuses y Metro de Barcelona, adem\u00e1s de compa\u00f1eros que no trabajaban en la \u00abCompa\u00f1\u00eda\u00bb. Todos unidos por una misma afici\u00f3n: el coleccionismo, en diferentes \u00e1mbitos y facetas, la mayor\u00eda relacionados con el mundo del Transporte. Todos ellos convirtieron en realidad el proyecto ACEMA.<\/p>\n<p>Durante todo este tiempo han pasado por la Asociaci\u00f3n muchas personas, como en todo ente vivo, ACEMA, ha vivido diferentes etapas donde compa\u00f1eros\/as que nos visitaron se quedaron, otros s\u00f3lo convivieron con nosotros un tiempo y se marcharon, personas que nos aportaron conocimientos, an\u00e9cdotas, experiencias y muchas horas de su trabajo personal dedicado al grupo, otras personas que lamentablemente, por ley de vida,\u00a0 dejaron de iluminar con su presencia nuestra Asociaci\u00f3n al marcharse para siempre. Vaya para todos ellos\/as nuestro reconocimiento ya que sin su presencia y ayuda no hubi\u00e9ramos llegado tan lejos.<\/p>\n<p>Hemos recorrido camino juntos, realizando innumerables exposiciones, trabajos de colaboraci\u00f3n con quien nos lo ha solicitado, visitas tanto en TMB como en el exterior, creando v\u00ednculos y relaciones institucionales con operadores y fabricantes del sector, pero lo mejor est\u00e1 por llegar y a esa nueva senda nos dirigimos un gran grupo de personas que, afortunadamente, abarcan un abanico de edades comprendidas entre los 15 y los 80 a\u00f1os, juventud y experiencia unidos por una misma afici\u00f3n: el mundo del Transporte y todo lo relacionado con Metro y Autobuses de Barcelona, TMB.<\/p>","protected":false},"excerpt":{"rendered":"<p><span class=\"more-wrapper\"><a class=\"more-link button\" href=\"https:\/\/www.acemabcn.org\/es\/associacio\/\">Seguir leyendo<\/a><\/span><\/p>\n","protected":false},"author":1,"featured_media":2131,"parent":0,"menu_order":0,"comment_status":"closed","ping_status":"closed","template":"","meta":{"inline_featured_image":false,"_exactmetrics_skip_tracking":false,"_exactmetrics_sitenote_active":false,"_exactmetrics_sitenote_note":"","_exactmetrics_sitenote_category":0,"footnotes":""},"class_list":["post-78","page","type-page","status-publish","has-post-thumbnail","hentry"],"_links":{"self":[{"href":"https:\/\/www.acemabcn.org\/es\/wp-json\/wp\/v2\/pages\/78","targetHints":{"allow":["GET"]}}],"collection":[{"href":"https:\/\/www.acemabcn.org\/es\/wp-json\/wp\/v2\/pages"}],"about":[{"href":"https:\/\/www.acemabcn.org\/es\/wp-json\/wp\/v2\/types\/page"}],"author":[{"embeddable":true,"href":"https:\/\/www.acemabcn.org\/es\/wp-json\/wp\/v2\/users\/1"}],"replies":[{"embeddable":true,"href":"https:\/\/www.acemabcn.org\/es\/wp-json\/wp\/v2\/comments?post=78"}],"version-history":[{"count":26,"href":"https:\/\/www.acemabcn.org\/es\/wp-json\/wp\/v2\/pages\/78\/revisions"}],"predecessor-version":[{"id":1128,"href":"https:\/\/www.acemabcn.org\/es\/wp-json\/wp\/v2\/pages\/78\/revisions\/1128"}],"wp:featuredmedia":[{"embeddable":true,"href":"https:\/\/www.acemabcn.org\/es\/wp-json\/wp\/v2\/media\/2131"}],"wp:attachment":[{"href":"https:\/\/www.acemabcn.org\/es\/wp-json\/wp\/v2\/media?parent=78"}],"curies":[{"name":"wp","href":"https:\/\/api.w.org\/{rel}","templated":true}]}}